{"id":630,"date":"2021-11-30T14:51:26","date_gmt":"2021-11-30T17:51:26","guid":{"rendered":"https:\/\/blog.worldheroes.online\/?page_id=630"},"modified":"2024-07-12T13:10:12","modified_gmt":"2024-07-12T16:10:12","slug":"contato","status":"publish","type":"page","link":"https:\/\/ip7blog.com\/it\/contatto\/","title":{"rendered":"Contatto"},"content":{"rendered":"<div data-elementor-type=\"wp-page\" data-elementor-id=\"630\" class=\"elementor elementor-630\">\n\t\t\t\t\t\t<section class=\"elementor-section elementor-top-section elementor-element elementor-element-1dc1daf elementor-section-full_width elementor-section-height-default elementor-section-height-default\" data-id=\"1dc1daf\" data-element_type=\"section\" data-e-type=\"section\">\n\t\t\t\t\t\t<div class=\"elementor-container elementor-column-gap-default\">\n\t\t\t\t\t<div class=\"elementor-column elementor-col-100 elementor-top-column elementor-element elementor-element-74ca449\" data-id=\"74ca449\" data-element_type=\"column\" data-e-type=\"column\" data-settings=\"{&quot;background_background&quot;:&quot;classic&quot;}\">\n\t\t\t<div class=\"elementor-widget-wrap elementor-element-populated\">\n\t\t\t\t\t\t<div class=\"elementor-element elementor-element-1d6aade elementor-widget elementor-widget-heading\" data-id=\"1d6aade\" data-element_type=\"widget\" data-e-type=\"widget\" data-widget_type=\"heading.default\">\n\t\t\t\t<div class=\"elementor-widget-container\">\n\t\t\t\t\t<h3 class=\"elementor-heading-title elementor-size-default\">Contattaci<\/h3>\t\t\t\t<\/div>\n\t\t\t\t<\/div>\n\t\t\t\t<div class=\"elementor-element elementor-element-d6af54e elementor-widget elementor-widget-text-editor\" data-id=\"d6af54e\" data-element_type=\"widget\" data-e-type=\"widget\" data-widget_type=\"text-editor.default\">\n\t\t\t\t<div class=\"elementor-widget-container\">\n\t\t\t\t\t\t\t\t\t<p>Siamo sempre desiderosi di entrare in contatto con i nostri lettori e partner. Se avete feedback, domande o suggerimenti, siamo qui per aiutarvi! Ecco come potete mettervi in contatto con noi:<\/p><h3>Inviateci un'e-mail<\/h3><p>Per richieste generali, assistenza o feedback, inviare un'e-mail a:<\/p><p><strong><a rel=\"noreferrer\">help@izzotodigital.com.br<\/a><\/strong><\/p><p>Cerchiamo di rispondere a tutte le e-mail entro 24-48 ore.<\/p><h3>Reti sociali<\/h3><p>Rimanete aggiornati e interagite con noi attraverso i nostri social network:<\/p><ul><li><strong>Twitter:<\/strong> @izzotodigital<\/li><li><strong>Instagram:<\/strong> @izzotodigital<\/li><li><strong>Facebook:<\/strong> @izzotodigital<\/li><\/ul><h3>Visitateci<\/h3><p>Anche se siamo principalmente una piattaforma online, potete trovarci anche nella nostra sede amministrativa di San Paolo:<\/p><p><strong>Blog IP7<\/strong><\/p><p>San Paolo, SP<\/p><hr \/><p>Non vediamo l'ora di sentirvi e di aiutarvi in ogni modo possibile. Contattateci oggi stesso e lavoriamo insieme per rendere il Blog IP7 ancora migliore!<\/p>\t\t\t\t\t\t\t\t<\/div>\n\t\t\t\t<\/div>\n\t\t\t\t\t<\/div>\n\t\t<\/div>\n\t\t\t\t\t<\/div>\n\t\t<\/section>\n\t\t\t\t<\/div>","protected":false},"excerpt":{"rendered":"<p>Entre em Contato Conosco Estamos sempre ansiosos para nos conectar com nossos leitores e parceiros. Se voc\u00ea tiver feedback, d\u00favidas ou sugest\u00f5es, estamos aqui para&#8230;<\/p>","protected":false},"author":1,"featured_media":0,"parent":0,"menu_order":0,"comment_status":"closed","ping_status":"closed","template":"elementor_header_footer","meta":{"footnotes":""},"class_list":["post-630","page","type-page","status-publish","hentry"],"_links":{"self":[{"href":"https:\/\/ip7blog.com\/it\/wp-json\/wp\/v2\/pages\/630","targetHints":{"allow":["GET"]}}],"collection":[{"href":"https:\/\/ip7blog.com\/it\/wp-json\/wp\/v2\/pages"}],"about":[{"href":"https:\/\/ip7blog.com\/it\/wp-json\/wp\/v2\/types\/page"}],"author":[{"embeddable":true,"href":"https:\/\/ip7blog.com\/it\/wp-json\/wp\/v2\/users\/1"}],"replies":[{"embeddable":true,"href":"https:\/\/ip7blog.com\/it\/wp-json\/wp\/v2\/comments?post=630"}],"version-history":[{"count":0,"href":"https:\/\/ip7blog.com\/it\/wp-json\/wp\/v2\/pages\/630\/revisions"}],"wp:attachment":[{"href":"https:\/\/ip7blog.com\/it\/wp-json\/wp\/v2\/media?parent=630"}],"curies":[{"name":"wp","href":"https:\/\/api.w.org\/{rel}","templated":true}]}}