{"id":624,"date":"2023-08-21T09:58:26","date_gmt":"2023-08-21T12:58:26","guid":{"rendered":"https:\/\/blog.worldheroes.online\/?page_id=624"},"modified":"2024-07-12T13:14:12","modified_gmt":"2024-07-12T16:14:12","slug":"termos-de-uso","status":"publish","type":"page","link":"https:\/\/ip7blog.com\/it\/termini-di-utilizzo\/","title":{"rendered":"Termini di utilizzo"},"content":{"rendered":"<div data-elementor-type=\"wp-page\" data-elementor-id=\"624\" class=\"elementor elementor-624\">\n\t\t\t\t\t\t<section class=\"elementor-section elementor-top-section elementor-element elementor-element-1dc1daf elementor-section-full_width elementor-section-height-default elementor-section-height-default\" data-id=\"1dc1daf\" data-element_type=\"section\" data-e-type=\"section\">\n\t\t\t\t\t\t<div class=\"elementor-container elementor-column-gap-default\">\n\t\t\t\t\t<div class=\"elementor-column elementor-col-100 elementor-top-column elementor-element elementor-element-74ca449\" data-id=\"74ca449\" data-element_type=\"column\" data-e-type=\"column\" data-settings=\"{&quot;background_background&quot;:&quot;classic&quot;}\">\n\t\t\t<div class=\"elementor-widget-wrap elementor-element-populated\">\n\t\t\t\t\t\t<div class=\"elementor-element elementor-element-4d0fcab elementor-widget elementor-widget-text-editor\" data-id=\"4d0fcab\" data-element_type=\"widget\" data-e-type=\"widget\" data-widget_type=\"text-editor.default\">\n\t\t\t\t<div class=\"elementor-widget-container\">\n\t\t\t\t\t\t\t\t\t<p>Ultimo aggiornamento: 12 luglio 2024<\/p><p>Benvenuti nel Blog IP7! Le presenti Condizioni d'uso (\"Condizioni\") regolano l'utilizzo del sito da parte dell'utente. <a href=\"https:\/\/ip7blog.com\/it\/\" target=\"_new\" rel=\"noreferrer\">https:\/\/ip7blog.com\/<\/a> (\"Servizio\") gestito da IP7 Blog (\"noi\", \"ci\" o \"nostro\"). Accedendo o utilizzando il nostro Servizio, l'utente accetta di rispettare e di essere vincolato dai presenti Termini. Se l'utente non \u00e8 d'accordo con qualsiasi parte dei Termini, non deve accedere al Servizio.<\/p><h2>Utilizzo del servizio<\/h2><h3>Ammissibilit\u00e0<\/h3><p>Per utilizzare il nostro Servizio \u00e8 necessario avere almeno 18 anni. Utilizzando il Servizio, l'utente dichiara e garantisce di avere la capacit\u00e0 giuridica di stipulare il presente contratto e di rispettare le presenti Condizioni.<\/p><h3>Account utente<\/h3><p>Per accedere ad alcune funzioni del nostro Servizio, potrebbe essere necessario creare un account. L'utente \u00e8 responsabile di mantenere la riservatezza del proprio account e della propria password e di limitare l'accesso al proprio computer. L'utente accetta di assumersi la responsabilit\u00e0 di tutte le attivit\u00e0 svolte con il proprio account o password.<\/p><h3>Comportamento dell'utente<\/h3><p>L'utente accetta di utilizzare il nostro Servizio solo per scopi leciti e in conformit\u00e0 alle presenti Condizioni. L'utente non dovr\u00e0:<\/p><ul><li>Utilizzare il Servizio in qualsiasi modo che violi qualsiasi legge o regolamento applicabile;<\/li><li>Sfruttare, danneggiare o tentare di sfruttare o danneggiare i minori in qualsiasi modo, esponendoli a contenuti inappropriati o in altro modo;<\/li><li>Inviare, ricevere, caricare, scaricare, utilizzare o riutilizzare qualsiasi materiale non conforme agli standard di contenuto stabiliti nei presenti Termini;<\/li><li>Trasmettere, o tentare di inviare, qualsiasi materiale pubblicitario o promozionale, incluse \"junk mail\", \"catene di Sant'Antonio\", \"spam\" o qualsiasi altra sollecitazione simile.<\/li><\/ul><h2>Propriet\u00e0 intellettuale<\/h2><p>Tutti i contenuti del nostro Servizio, compresi testi, grafici, loghi, icone di pulsanti, immagini e software, sono di nostra propriet\u00e0 o dei nostri licenziatari e sono protetti da copyright e da altre leggi sulla propriet\u00e0 intellettuale.<\/p><h2>Link ad altri siti<\/h2><p>Il nostro Servizio pu\u00f2 contenere link a siti web di terzi che non sono di nostra propriet\u00e0 o controllati da noi. Non abbiamo alcun controllo e non ci assumiamo alcuna responsabilit\u00e0 per il contenuto, le politiche sulla privacy o le pratiche di qualsiasi sito o servizio di terzi. L'utente riconosce e accetta che non saremo responsabili, direttamente o indirettamente, per qualsiasi danno o perdita causata o che si presume possa essere causata da o in connessione con l'uso o l'affidamento su tali contenuti, beni o servizi disponibili su o attraverso tali siti web o servizi.<\/p><h2>Terminazione<\/h2><p>Possiamo interrompere o sospendere l'accesso dell'utente al Servizio immediatamente, senza preavviso o responsabilit\u00e0, per qualsiasi motivo, incluso, senza limitazione, se l'utente viola i Termini. Tutte le disposizioni dei Termini che, per loro natura, dovrebbero sopravvivere alla risoluzione, sopravvivranno alla risoluzione, comprese, a titolo esemplificativo, le disposizioni sulla propriet\u00e0, le esclusioni di garanzia, le indennit\u00e0 e le limitazioni di responsabilit\u00e0.<\/p><h2>Esenzione dalle garanzie<\/h2><p>L'utilizzo del Servizio \u00e8 a rischio dell'utente. Il Servizio \u00e8 fornito \"cos\u00ec com'\u00e8\" e \"come disponibile\". Il Servizio viene fornito senza garanzie di alcun tipo, esplicite o implicite, incluse, a titolo esemplificativo, le garanzie implicite di commerciabilit\u00e0, idoneit\u00e0 per uno scopo particolare, non violazione o corso delle prestazioni.<\/p><h2>Limitazione di responsabilit\u00e0<\/h2><p>In nessun caso IP7 Blog, n\u00e9 i suoi direttori, dipendenti, partner, agenti, fornitori o affiliati, saranno responsabili per qualsiasi danno indiretto, incidentale, speciale, consequenziale o punitivo, inclusi, senza limitazioni, la perdita di profitti, dati, uso, avviamento o altre perdite intangibili, derivanti da (i) il vostro accesso all'uso o l'incapacit\u00e0 di accedere o utilizzare il Servizio; (ii) qualsiasi condotta o contenuto di terzi sul Servizio; (iii) qualsiasi contenuto ottenuto dal Servizio; e (iv) l'accesso, l'uso o l'alterazione non autorizzati delle trasmissioni o dei contenuti dell'utente, sulla base di garanzie, contratti, illeciti (inclusa la negligenza) o qualsiasi altra teoria legale, indipendentemente dal fatto che siamo stati avvisati o meno della possibilit\u00e0 di tali danni, e anche se un rimedio stabilito nel presente documento fallisce il suo scopo essenziale.<\/p><h2>Cambiamenti<\/h2><p>Ci riserviamo il diritto, a nostra esclusiva discrezione, di modificare o sostituire le presenti Condizioni in qualsiasi momento. In caso di modifiche sostanziali, ci impegneremo a fornire un preavviso di almeno 30 giorni prima dell'entrata in vigore dei nuovi termini. Ci\u00f2 che costituisce una modifica sostanziale sar\u00e0 determinato a nostra esclusiva discrezione.<\/p><h2>Contatto<\/h2><p>In caso di domande sulle presenti Condizioni, si prega di contattarci:<\/p><ul><li><strong>E-mail:<\/strong> <a rel=\"noreferrer\">help@izzotodigital.com.br<\/a><\/li><li><strong>Twitter:<\/strong> @izzotodigital<\/li><li><strong>Instagram:<\/strong> @izzotodigital<\/li><li><strong>Facebook:<\/strong> @izzotodigital<\/li><\/ul>\t\t\t\t\t\t\t\t<\/div>\n\t\t\t\t<\/div>\n\t\t\t\t\t<\/div>\n\t\t<\/div>\n\t\t\t\t\t<\/div>\n\t\t<\/section>\n\t\t\t\t<\/div>","protected":false},"excerpt":{"rendered":"<p>Ultimo aggiornamento: 12 luglio 2024 Benvenuti nel Blog IP7! Le presenti Condizioni d'uso (\u201cCondizioni\u201d) regolano l'utilizzo del sito web https:\/\/ip7blog.com\/ (\u201cServizio\u201d) gestito da...<\/p>","protected":false},"author":1,"featured_media":0,"parent":0,"menu_order":0,"comment_status":"closed","ping_status":"closed","template":"elementor_header_footer","meta":{"footnotes":""},"class_list":["post-624","page","type-page","status-publish","hentry"],"_links":{"self":[{"href":"https:\/\/ip7blog.com\/it\/wp-json\/wp\/v2\/pages\/624","targetHints":{"allow":["GET"]}}],"collection":[{"href":"https:\/\/ip7blog.com\/it\/wp-json\/wp\/v2\/pages"}],"about":[{"href":"https:\/\/ip7blog.com\/it\/wp-json\/wp\/v2\/types\/page"}],"author":[{"embeddable":true,"href":"https:\/\/ip7blog.com\/it\/wp-json\/wp\/v2\/users\/1"}],"replies":[{"embeddable":true,"href":"https:\/\/ip7blog.com\/it\/wp-json\/wp\/v2\/comments?post=624"}],"version-history":[{"count":0,"href":"https:\/\/ip7blog.com\/it\/wp-json\/wp\/v2\/pages\/624\/revisions"}],"wp:attachment":[{"href":"https:\/\/ip7blog.com\/it\/wp-json\/wp\/v2\/media?parent=624"}],"curies":[{"name":"wp","href":"https:\/\/api.w.org\/{rel}","templated":true}]}}