{"id":1689,"date":"2023-08-21T09:58:26","date_gmt":"2023-08-21T12:58:26","guid":{"rendered":"https:\/\/investidorrentavel.tech\/?page_id=1689"},"modified":"2024-07-12T13:12:52","modified_gmt":"2024-07-12T16:12:52","slug":"quem-somos","status":"publish","type":"page","link":"https:\/\/ip7blog.com\/it\/chi-siamo\/","title":{"rendered":"Chi siamo"},"content":{"rendered":"<div data-elementor-type=\"wp-page\" data-elementor-id=\"1689\" class=\"elementor elementor-1689\">\n\t\t\t\t\t\t<section class=\"elementor-section elementor-top-section elementor-element elementor-element-1dc1daf elementor-section-full_width elementor-section-height-default elementor-section-height-default\" data-id=\"1dc1daf\" data-element_type=\"section\" data-e-type=\"section\">\n\t\t\t\t\t\t<div class=\"elementor-container elementor-column-gap-default\">\n\t\t\t\t\t<div class=\"elementor-column elementor-col-100 elementor-top-column elementor-element elementor-element-74ca449\" data-id=\"74ca449\" data-element_type=\"column\" data-e-type=\"column\" data-settings=\"{&quot;background_background&quot;:&quot;classic&quot;}\">\n\t\t\t<div class=\"elementor-widget-wrap elementor-element-populated\">\n\t\t\t\t\t\t<div class=\"elementor-element elementor-element-4d0fcab elementor-widget elementor-widget-text-editor\" data-id=\"4d0fcab\" data-element_type=\"widget\" data-e-type=\"widget\" data-widget_type=\"text-editor.default\">\n\t\t\t\t<div class=\"elementor-widget-container\">\n\t\t\t\t\t\t\t\t\t<p>Benvenuti nel blog dell'IP7!<\/p><p>La missione del Blog IP7 \u00e8 quella di fornirvi le migliori informazioni e consigli sulle applicazioni mobili, sulla finanza personale, sulle opportunit\u00e0 di lavoro e sulle ultime notizie in generale. Vogliamo essere la vostra fonte affidabile di conoscenza e ispirazione per aiutarvi a sfruttare al meglio la tecnologia, a gestire meglio le vostre finanze, a trovare le migliori opportunit\u00e0 di carriera e a rimanere informati sugli eventi pi\u00f9 importanti.<\/p><h3>I nostri temi principali<\/h3><p><strong>Applicazioni mobili<\/strong><\/p><p>Esploriamo e analizziamo le migliori app disponibili sul mercato per diversi scopi, dalla produttivit\u00e0 all'intrattenimento, dalla salute al benessere. Il nostro obiettivo \u00e8 aiutarvi a scoprire strumenti utili che possono rendere la vostra vita quotidiana pi\u00f9 semplice e ricca.<\/p><p><strong>Finanza personale<\/strong><\/p><p>Offriamo consigli pratici e strategie per migliorare la vostra salute finanziaria. Dai consigli per il risparmio e gli investimenti alla pianificazione finanziaria e al budgeting personale, siamo qui per guidarvi verso un futuro finanziario pi\u00f9 sicuro e stabile.<\/p><p><strong>Opportunit\u00e0 di lavoro<\/strong><\/p><p>Sappiamo che trovare la giusta opportunit\u00e0 di lavoro pu\u00f2 essere una sfida. Per questo abbiamo raccolto suggerimenti per la carriera, indicazioni su come preparare un CV efficace, consigli per i colloqui di lavoro e le migliori opportunit\u00e0 disponibili sul mercato del lavoro.<\/p><p><strong>Notizie generali<\/strong><\/p><p>Tenetevi aggiornati sulle ultime notizie e sugli eventi importanti in tutto il mondo. Il nostro team si impegna a fornirvi informazioni accurate e pertinenti, in modo che siate sempre ben informati.<\/p><h3>La nostra missione<\/h3><p>Crediamo che l'informazione sia potente e che, condividendola in modo accessibile e comprensibile, possiamo mettere i nostri lettori in condizione di prendere decisioni informate e migliorare la loro vita. Il nostro impegno \u00e8 quello di offrire contenuti di qualit\u00e0, aggiornati e pertinenti per soddisfare le vostre esigenze e i vostri interessi.<\/p><h3>Contattaci<\/h3><p>Ci piace entrare in contatto con i nostri lettori e partner! Se avete suggerimenti, domande o commenti, non esitate a contattarci. Siamo qui per ascoltare e aiutare in ogni modo possibile.<\/p><ul><li><strong>E-mail:<\/strong> <a rel=\"noreferrer\">help@izzotodigital.com.br<\/a><\/li><li><strong>Twitter:<\/strong> @izzotodigital<\/li><li><strong>Instagram:<\/strong> @izzotodigital<\/li><li><strong>Facebook:<\/strong> @izzotodigital<\/li><\/ul><h3>Unisciti a noi<\/h3><p>Seguiteci sui social media per essere sempre aggiornati sulle ultime novit\u00e0, sui consigli esclusivi e molto altro ancora. Non vediamo l'ora di costruire con voi una comunit\u00e0 coinvolta e informata.<\/p><p>Grazie per aver visitato il blog dell'IP7! Ci auguriamo che i nostri contenuti vi piacciano e che facciano la differenza nella vostra vita. Esploriamo insieme il mondo delle applicazioni, della finanza, del lavoro e delle notizie!<\/p>\t\t\t\t\t\t\t\t<\/div>\n\t\t\t\t<\/div>\n\t\t\t\t\t<\/div>\n\t\t<\/div>\n\t\t\t\t\t<\/div>\n\t\t<\/section>\n\t\t\t\t<\/div>","protected":false},"excerpt":{"rendered":"<p>Bem-vindo ao IP7 Blog! No IP7 Blog, nossa miss\u00e3o \u00e9 trazer as melhores informa\u00e7\u00f5es e dicas sobre aplicativos para celular, finan\u00e7as pessoais, oportunidades de emprego&#8230;<\/p>","protected":false},"author":1,"featured_media":0,"parent":0,"menu_order":0,"comment_status":"closed","ping_status":"closed","template":"elementor_header_footer","meta":{"footnotes":""},"class_list":["post-1689","page","type-page","status-publish","hentry"],"_links":{"self":[{"href":"https:\/\/ip7blog.com\/it\/wp-json\/wp\/v2\/pages\/1689","targetHints":{"allow":["GET"]}}],"collection":[{"href":"https:\/\/ip7blog.com\/it\/wp-json\/wp\/v2\/pages"}],"about":[{"href":"https:\/\/ip7blog.com\/it\/wp-json\/wp\/v2\/types\/page"}],"author":[{"embeddable":true,"href":"https:\/\/ip7blog.com\/it\/wp-json\/wp\/v2\/users\/1"}],"replies":[{"embeddable":true,"href":"https:\/\/ip7blog.com\/it\/wp-json\/wp\/v2\/comments?post=1689"}],"version-history":[{"count":0,"href":"https:\/\/ip7blog.com\/it\/wp-json\/wp\/v2\/pages\/1689\/revisions"}],"wp:attachment":[{"href":"https:\/\/ip7blog.com\/it\/wp-json\/wp\/v2\/media?parent=1689"}],"curies":[{"name":"wp","href":"https:\/\/api.w.org\/{rel}","templated":true}]}}