{"id":630,"date":"2021-11-30T14:51:26","date_gmt":"2021-11-30T17:51:26","guid":{"rendered":"https:\/\/blog.worldheroes.online\/?page_id=630"},"modified":"2024-07-12T13:10:12","modified_gmt":"2024-07-12T16:10:12","slug":"contato","status":"publish","type":"page","link":"https:\/\/ip7blog.com\/fr\/contact\/","title":{"rendered":"Contact"},"content":{"rendered":"<div data-elementor-type=\"wp-page\" data-elementor-id=\"630\" class=\"elementor elementor-630\">\n\t\t\t\t\t\t<section class=\"elementor-section elementor-top-section elementor-element elementor-element-1dc1daf elementor-section-full_width elementor-section-height-default elementor-section-height-default\" data-id=\"1dc1daf\" data-element_type=\"section\" data-e-type=\"section\">\n\t\t\t\t\t\t<div class=\"elementor-container elementor-column-gap-default\">\n\t\t\t\t\t<div class=\"elementor-column elementor-col-100 elementor-top-column elementor-element elementor-element-74ca449\" data-id=\"74ca449\" data-element_type=\"column\" data-e-type=\"column\" data-settings=\"{&quot;background_background&quot;:&quot;classic&quot;}\">\n\t\t\t<div class=\"elementor-widget-wrap elementor-element-populated\">\n\t\t\t\t\t\t<div class=\"elementor-element elementor-element-1d6aade elementor-widget elementor-widget-heading\" data-id=\"1d6aade\" data-element_type=\"widget\" data-e-type=\"widget\" data-widget_type=\"heading.default\">\n\t\t\t\t<div class=\"elementor-widget-container\">\n\t\t\t\t\t<h3 class=\"elementor-heading-title elementor-size-default\">Contactez-nous<\/h3>\t\t\t\t<\/div>\n\t\t\t\t<\/div>\n\t\t\t\t<div class=\"elementor-element elementor-element-d6af54e elementor-widget elementor-widget-text-editor\" data-id=\"d6af54e\" data-element_type=\"widget\" data-e-type=\"widget\" data-widget_type=\"text-editor.default\">\n\t\t\t\t<div class=\"elementor-widget-container\">\n\t\t\t\t\t\t\t\t\t<p>Nous sommes toujours d\u00e9sireux d'entrer en contact avec nos lecteurs et nos partenaires. Si vous avez des commentaires, des questions ou des suggestions, nous sommes l\u00e0 pour vous aider ! Voici comment nous contacter :<\/p><h3>Envoyez-nous un e-mail<\/h3><p>Pour toute question d'ordre g\u00e9n\u00e9ral, assistance ou retour d'information, veuillez envoyer un courriel \u00e0<\/p><p><strong><a rel=\"noreferrer\">help@izzotodigital.com.br<\/a><\/strong><\/p><p>Nous nous effor\u00e7ons de r\u00e9pondre \u00e0 tous les courriels dans les 24-48 heures.<\/p><h3>R\u00e9seaux sociaux<\/h3><p>Restez inform\u00e9 et interagissez avec nous via nos r\u00e9seaux sociaux :<\/p><ul><li><strong>Twitter :<\/strong> @izzotodigital<\/li><li><strong>Instagram :<\/strong> @izzotodigital<\/li><li><strong>Facebook :<\/strong> @izzotodigital<\/li><\/ul><h3>Visitez-nous<\/h3><p>Bien que nous soyons avant tout une plateforme en ligne, vous pouvez \u00e9galement nous trouver dans notre bureau administratif \u00e0 S\u00e3o Paulo :<\/p><p><strong>Blog IP7<\/strong><\/p><p>S\u00e3o Paulo, SP<\/p><hr \/><p>Nous sommes impatients d'avoir de vos nouvelles et de vous aider de toutes les mani\u00e8res possibles. Prenez contact avec nous d\u00e8s aujourd'hui et travaillons ensemble pour rendre IP7 Blog encore meilleur !<\/p>\t\t\t\t\t\t\t\t<\/div>\n\t\t\t\t<\/div>\n\t\t\t\t\t<\/div>\n\t\t<\/div>\n\t\t\t\t\t<\/div>\n\t\t<\/section>\n\t\t\t\t<\/div>","protected":false},"excerpt":{"rendered":"<p>Entre em Contato Conosco Estamos sempre ansiosos para nos conectar com nossos leitores e parceiros. Se voc\u00ea tiver feedback, d\u00favidas ou sugest\u00f5es, estamos aqui para&#8230;<\/p>","protected":false},"author":1,"featured_media":0,"parent":0,"menu_order":0,"comment_status":"closed","ping_status":"closed","template":"elementor_header_footer","meta":{"footnotes":""},"class_list":["post-630","page","type-page","status-publish","hentry"],"_links":{"self":[{"href":"https:\/\/ip7blog.com\/fr\/wp-json\/wp\/v2\/pages\/630","targetHints":{"allow":["GET"]}}],"collection":[{"href":"https:\/\/ip7blog.com\/fr\/wp-json\/wp\/v2\/pages"}],"about":[{"href":"https:\/\/ip7blog.com\/fr\/wp-json\/wp\/v2\/types\/page"}],"author":[{"embeddable":true,"href":"https:\/\/ip7blog.com\/fr\/wp-json\/wp\/v2\/users\/1"}],"replies":[{"embeddable":true,"href":"https:\/\/ip7blog.com\/fr\/wp-json\/wp\/v2\/comments?post=630"}],"version-history":[{"count":0,"href":"https:\/\/ip7blog.com\/fr\/wp-json\/wp\/v2\/pages\/630\/revisions"}],"wp:attachment":[{"href":"https:\/\/ip7blog.com\/fr\/wp-json\/wp\/v2\/media?parent=630"}],"curies":[{"name":"wp","href":"https:\/\/api.w.org\/{rel}","templated":true}]}}