{"id":624,"date":"2023-08-21T09:58:26","date_gmt":"2023-08-21T12:58:26","guid":{"rendered":"https:\/\/blog.worldheroes.online\/?page_id=624"},"modified":"2024-07-12T13:14:12","modified_gmt":"2024-07-12T16:14:12","slug":"termos-de-uso","status":"publish","type":"page","link":"https:\/\/ip7blog.com\/fr\/conditions-dutilisation\/","title":{"rendered":"Conditions d&#039;utilisation"},"content":{"rendered":"<div data-elementor-type=\"wp-page\" data-elementor-id=\"624\" class=\"elementor elementor-624\">\n\t\t\t\t\t\t<section class=\"elementor-section elementor-top-section elementor-element elementor-element-1dc1daf elementor-section-full_width elementor-section-height-default elementor-section-height-default\" data-id=\"1dc1daf\" data-element_type=\"section\" data-e-type=\"section\">\n\t\t\t\t\t\t<div class=\"elementor-container elementor-column-gap-default\">\n\t\t\t\t\t<div class=\"elementor-column elementor-col-100 elementor-top-column elementor-element elementor-element-74ca449\" data-id=\"74ca449\" data-element_type=\"column\" data-e-type=\"column\" data-settings=\"{&quot;background_background&quot;:&quot;classic&quot;}\">\n\t\t\t<div class=\"elementor-widget-wrap elementor-element-populated\">\n\t\t\t\t\t\t<div class=\"elementor-element elementor-element-4d0fcab elementor-widget elementor-widget-text-editor\" data-id=\"4d0fcab\" data-element_type=\"widget\" data-e-type=\"widget\" data-widget_type=\"text-editor.default\">\n\t\t\t\t<div class=\"elementor-widget-container\">\n\t\t\t\t\t\t\t\t\t<p>Derni\u00e8re mise \u00e0 jour : 12 juillet 2024<\/p><p>Bienvenue sur le blog de l'IP7 ! Les pr\u00e9sentes conditions d'utilisation (\"conditions\") r\u00e9gissent votre utilisation du site <a href=\"https:\/\/ip7blog.com\/fr\/\" target=\"_new\" rel=\"noreferrer\">https:\/\/ip7blog.com\/<\/a> (\"Service\") g\u00e9r\u00e9 par IP7 Blog (\"nous\", \"nous\" ou \"notre\"). En acc\u00e9dant \u00e0 notre service ou en l'utilisant, vous acceptez de vous conformer aux pr\u00e9sentes conditions et d'\u00eatre li\u00e9 par elles. Si vous n'\u00eates pas d'accord avec une partie des conditions, vous ne devez pas acc\u00e9der au service.<\/p><h2>Utilisation du service<\/h2><h3>\u00c9ligibilit\u00e9<\/h3><p>Vous devez \u00eatre \u00e2g\u00e9 d'au moins 18 ans pour utiliser notre service. En utilisant le service, vous d\u00e9clarez et garantissez que vous avez la capacit\u00e9 juridique de conclure le pr\u00e9sent accord et de respecter les pr\u00e9sentes conditions.<\/p><h3>Compte d'utilisateur<\/h3><p>Pour acc\u00e9der \u00e0 certaines fonctionnalit\u00e9s de notre service, vous pouvez \u00eatre amen\u00e9 \u00e0 cr\u00e9er un compte. Il vous incombe de pr\u00e9server la confidentialit\u00e9 de votre compte et de votre mot de passe et de restreindre l'acc\u00e8s \u00e0 votre ordinateur. Vous acceptez la responsabilit\u00e9 de toutes les activit\u00e9s qui se d\u00e9roulent sous votre compte ou votre mot de passe.<\/p><h3>Comportement des utilisateurs<\/h3><p>Vous acceptez d'utiliser notre service uniquement \u00e0 des fins l\u00e9gales et conform\u00e9ment aux pr\u00e9sentes conditions. Vous ne devez pas :<\/p><ul><li>Utiliser le service d'une mani\u00e8re qui enfreint toute loi ou r\u00e9glementation applicable ;<\/li><li>Exploiter, nuire ou tenter d'exploiter ou de nuire \u00e0 des mineurs de quelque mani\u00e8re que ce soit, en les exposant \u00e0 un contenu inappropri\u00e9 ou autre ;<\/li><li>Envoyer, recevoir, t\u00e9l\u00e9charger, utiliser ou r\u00e9utiliser tout mat\u00e9riel qui ne respecte pas les normes de contenu \u00e9nonc\u00e9es dans les pr\u00e9sentes conditions ;<\/li><li>Transmettre, ou tenter d'envoyer, tout mat\u00e9riel publicitaire ou promotionnel, y compris des \"pourriels\", des \"cha\u00eenes de lettres\", des \"spams\" ou toute autre sollicitation similaire.<\/li><\/ul><h2>Propri\u00e9t\u00e9 intellectuelle<\/h2><p>Tout le contenu de notre service, y compris les textes, les graphiques, les logos, les ic\u00f4nes, les images et les logiciels, nous appartient ou appartient \u00e0 nos conc\u00e9dants de licence et est prot\u00e9g\u00e9 par des droits d'auteur et d'autres lois sur la propri\u00e9t\u00e9 intellectuelle.<\/p><h2>Liens vers d'autres sites<\/h2><p>Notre service peut contenir des liens vers des sites web de tiers qui ne nous appartiennent pas et ne sont pas contr\u00f4l\u00e9s par nous. Nous n'avons aucun contr\u00f4le sur le contenu, les politiques de confidentialit\u00e9 ou les pratiques des sites ou services tiers et n'assumons aucune responsabilit\u00e9 \u00e0 cet \u00e9gard. Vous reconnaissez et acceptez que nous ne soyons pas responsables, directement ou indirectement, de tout dommage ou perte caus\u00e9 ou suppos\u00e9 \u00eatre caus\u00e9 par ou en relation avec l'utilisation ou la confiance accord\u00e9e \u00e0 tout contenu, bien ou service disponible sur ou par l'interm\u00e9diaire de ces sites web ou services.<\/p><h2>Cessation d'activit\u00e9<\/h2><p>Nous pouvons r\u00e9silier ou suspendre votre acc\u00e8s au service imm\u00e9diatement, sans pr\u00e9avis ni responsabilit\u00e9, pour quelque raison que ce soit, y compris, sans s'y limiter, si vous ne respectez pas les conditions. Toutes les dispositions des conditions qui, de par leur nature, devraient survivre \u00e0 la r\u00e9siliation survivront \u00e0 la r\u00e9siliation, y compris, sans s'y limiter, les dispositions relatives \u00e0 la propri\u00e9t\u00e9, les exclusions de garantie, l'indemnisation et les limitations de responsabilit\u00e9.<\/p><h2>Exemption de garanties<\/h2><p>L'utilisation du service se fait \u00e0 vos propres risques. Le service est fourni \"en l'\u00e9tat\" et \"tel que disponible\". Le service est fourni sans garantie d'aucune sorte, expresse ou implicite, y compris, mais sans s'y limiter, les garanties implicites de qualit\u00e9 marchande, d'ad\u00e9quation \u00e0 un usage particulier, d'absence de contrefa\u00e7on ou de mode d'ex\u00e9cution.<\/p><h2>Limitation de la responsabilit\u00e9<\/h2><p>En aucun cas IP7 Blog, ni ses directeurs, employ\u00e9s, partenaires, agents, fournisseurs ou affili\u00e9s, ne seront responsables des dommages indirects, accessoires, sp\u00e9ciaux, cons\u00e9cutifs ou punitifs, y compris, sans limitation, les pertes de profits, de donn\u00e9es, d'utilisation, de goodwill ou d'autres pertes intangibles, r\u00e9sultant de (i) votre acc\u00e8s \u00e0 l'utilisation ou l'incapacit\u00e9 d'acc\u00e9der ou d'utiliser le service ; (ii) tout comportement ou contenu de tiers sur le service ; (iii) tout contenu obtenu \u00e0 partir du service ; et (iv) l'acc\u00e8s non autoris\u00e9, l'utilisation ou la modification de vos transmissions ou de votre contenu, sur la base d'une garantie, d'un contrat, d'un d\u00e9lit civil (y compris la n\u00e9gligence) ou de toute autre th\u00e9orie juridique, que nous ayons \u00e9t\u00e9 inform\u00e9s ou non de la possibilit\u00e9 de tels dommages, et m\u00eame si un rem\u00e8de \u00e9nonc\u00e9 dans les pr\u00e9sentes n'atteint pas son objectif essentiel.<\/p><h2>Changements<\/h2><p>Nous nous r\u00e9servons le droit, \u00e0 notre seule discr\u00e9tion, de modifier ou de remplacer les pr\u00e9sentes conditions \u00e0 tout moment. Si une r\u00e9vision est importante, nous nous efforcerons de fournir un pr\u00e9avis d'au moins 30 jours avant l'entr\u00e9e en vigueur des nouvelles conditions. Ce qui constitue une modification importante sera d\u00e9termin\u00e9 \u00e0 notre seule discr\u00e9tion.<\/p><h2>Contact<\/h2><p>Si vous avez des questions concernant ces conditions, veuillez nous contacter :<\/p><ul><li><strong>E-mail:<\/strong> <a rel=\"noreferrer\">help@izzotodigital.com.br<\/a><\/li><li><strong>Twitter :<\/strong> @izzotodigital<\/li><li><strong>Instagram :<\/strong> @izzotodigital<\/li><li><strong>Facebook :<\/strong> @izzotodigital<\/li><\/ul>\t\t\t\t\t\t\t\t<\/div>\n\t\t\t\t<\/div>\n\t\t\t\t\t<\/div>\n\t\t<\/div>\n\t\t\t\t\t<\/div>\n\t\t<\/section>\n\t\t\t\t<\/div>","protected":false},"excerpt":{"rendered":"<p>\u00daltima atualiza\u00e7\u00e3o: 12 de julho de 2024 Bem-vindo ao IP7 Blog! Estes Termos de Uso (&#8220;Termos&#8221;) regem o uso do site https:\/\/ip7blog.com\/ (&#8220;Servi\u00e7o&#8221;) operado pelo&#8230;<\/p>","protected":false},"author":1,"featured_media":0,"parent":0,"menu_order":0,"comment_status":"closed","ping_status":"closed","template":"elementor_header_footer","meta":{"footnotes":""},"class_list":["post-624","page","type-page","status-publish","hentry"],"_links":{"self":[{"href":"https:\/\/ip7blog.com\/fr\/wp-json\/wp\/v2\/pages\/624","targetHints":{"allow":["GET"]}}],"collection":[{"href":"https:\/\/ip7blog.com\/fr\/wp-json\/wp\/v2\/pages"}],"about":[{"href":"https:\/\/ip7blog.com\/fr\/wp-json\/wp\/v2\/types\/page"}],"author":[{"embeddable":true,"href":"https:\/\/ip7blog.com\/fr\/wp-json\/wp\/v2\/users\/1"}],"replies":[{"embeddable":true,"href":"https:\/\/ip7blog.com\/fr\/wp-json\/wp\/v2\/comments?post=624"}],"version-history":[{"count":0,"href":"https:\/\/ip7blog.com\/fr\/wp-json\/wp\/v2\/pages\/624\/revisions"}],"wp:attachment":[{"href":"https:\/\/ip7blog.com\/fr\/wp-json\/wp\/v2\/media?parent=624"}],"curies":[{"name":"wp","href":"https:\/\/api.w.org\/{rel}","templated":true}]}}