{"id":287375,"date":"2024-01-30T13:36:11","date_gmt":"2024-01-30T16:36:11","guid":{"rendered":"https:\/\/ip7blog.com\/?page_id=287375"},"modified":"2025-07-01T23:08:51","modified_gmt":"2025-07-02T02:08:51","slug":"empregos-coca-cola","status":"publish","type":"page","link":"https:\/\/ip7blog.com\/fr\/emplois-coca-cola\/","title":{"rendered":"Emplois chez Coca-Cola"},"content":{"rendered":"<div data-elementor-type=\"wp-page\" data-elementor-id=\"287375\" class=\"elementor elementor-287375\">\n\t\t\t\t\t\t<section class=\"elementor-section elementor-top-section elementor-element elementor-element-848961a elementor-section-boxed elementor-section-height-default elementor-section-height-default\" data-id=\"848961a\" data-element_type=\"section\" data-e-type=\"section\">\n\t\t\t\t\t\t<div class=\"elementor-container elementor-column-gap-default\">\n\t\t\t\t\t<div class=\"elementor-column elementor-col-100 elementor-top-column elementor-element elementor-element-d73bafa\" data-id=\"d73bafa\" data-element_type=\"column\" data-e-type=\"column\" data-settings=\"{&quot;background_background&quot;:&quot;classic&quot;}\">\n\t\t\t<div class=\"elementor-widget-wrap elementor-element-populated\">\n\t\t\t\t\t\t<div class=\"elementor-element elementor-element-6825c78 elementor-widget elementor-widget-heading\" data-id=\"6825c78\" data-element_type=\"widget\" data-e-type=\"widget\" data-widget_type=\"heading.default\">\n\t\t\t\t<div class=\"elementor-widget-container\">\n\t\t\t\t\t<h2 class=\"elementor-heading-title elementor-size-default\">EMPLOIS VACANTS<\/h2>\t\t\t\t<\/div>\n\t\t\t\t<\/div>\n\t\t\t\t<div class=\"elementor-element elementor-element-5deb05e elementor-widget elementor-widget-image\" data-id=\"5deb05e\" data-element_type=\"widget\" data-e-type=\"widget\" data-widget_type=\"image.default\">\n\t\t\t\t<div class=\"elementor-widget-container\">\n\t\t\t\t\t\t\t\t\t\t\t\t\t\t\t<img fetchpriority=\"high\" decoding=\"async\" width=\"1024\" height=\"335\" src=\"https:\/\/ip7blog.com\/wp-content\/uploads\/2023\/07\/Coca-Cola_logo.svg_-1024x335.png\" class=\"attachment-large size-large wp-image-287112\" alt=\"offres d&#039;emploi coca cola3\" srcset=\"https:\/\/ip7blog.com\/wp-content\/uploads\/2023\/07\/Coca-Cola_logo.svg_-1024x335.png 1024w, https:\/\/ip7blog.com\/wp-content\/uploads\/2023\/07\/Coca-Cola_logo.svg_-300x98.png 300w, https:\/\/ip7blog.com\/wp-content\/uploads\/2023\/07\/Coca-Cola_logo.svg_-768x251.png 768w, https:\/\/ip7blog.com\/wp-content\/uploads\/2023\/07\/Coca-Cola_logo.svg_-18x6.png 18w, https:\/\/ip7blog.com\/wp-content\/uploads\/2023\/07\/Coca-Cola_logo.svg_.png 1200w\" sizes=\"(max-width: 1024px) 100vw, 1024px\" \/>\t\t\t\t\t\t\t\t\t\t\t\t\t\t\t<\/div>\n\t\t\t\t<\/div>\n\t\t\t\t<div class=\"elementor-element elementor-element-1e701cb elementor-widget elementor-widget-heading\" data-id=\"1e701cb\" data-element_type=\"widget\" data-e-type=\"widget\" data-widget_type=\"heading.default\">\n\t\t\t\t<div class=\"elementor-widget-container\">\n\t\t\t\t\t<h2 class=\"elementor-heading-title elementor-size-default\">Pour continuer Confirmez que vous n'\u00eates pas un ROBOT en cliquant sur le bouton ci-dessous<\/h2>\t\t\t\t<\/div>\n\t\t\t\t<\/div>\n\t\t\t\t<div class=\"elementor-element elementor-element-e4edd32 elementor-hidden-desktop elementor-hidden-tablet elementor-hidden-mobile elementor-widget elementor-widget-heading\" data-id=\"e4edd32\" data-element_type=\"widget\" data-e-type=\"widget\" data-no-translation=\"\" data-widget_type=\"heading.default\">\n\t\t\t\t<div class=\"elementor-widget-container\">\n\t\t\t\t\t<style>.elementor-element-e4edd32{display:none !important}<\/style>\t\t\t\t<\/div>\n\t\t\t\t<\/div>\n\t\t\t\t<div class=\"elementor-element elementor-element-72c0d9f elementor-hidden-desktop elementor-hidden-tablet elementor-hidden-mobile elementor-widget elementor-widget-html\" data-id=\"72c0d9f\" data-element_type=\"widget\" data-e-type=\"widget\" data-no-translation=\"\" data-widget_type=\"html.default\">\n\t\t\t\t<div class=\"elementor-widget-container\">\n\t\t\t\t\t<style>.elementor-element-72c0d9f{display:none !important}<\/style>\t\t\t\t<\/div>\n\t\t\t\t<\/div>\n\t\t\t\t<div class=\"elementor-element elementor-element-84ad2f0 elementor-mobile-align-justify elementor-align-justify elementor-widget elementor-widget-button\" data-id=\"84ad2f0\" data-element_type=\"widget\" data-e-type=\"widget\" data-widget_type=\"button.default\">\n\t\t\t\t<div class=\"elementor-widget-container\">\n\t\t\t\t\t\t\t\t\t<div class=\"elementor-button-wrapper\">\n\t\t\t\t\t<a class=\"elementor-button elementor-button-link elementor-size-lg\" href=\"https:\/\/ip7blog.com\/fr\/post\/offres-demploi-travailler-chez-coca-cola\/\">\n\t\t\t\t\t\t<span class=\"elementor-button-content-wrapper\">\n\t\t\t\t\t\t<span class=\"elementor-button-icon\">\n\t\t\t\t<i aria-hidden=\"true\" class=\"far fa-circle\"><\/i>\t\t\t<\/span>\n\t\t\t\t\t\t\t\t\t<span class=\"elementor-button-text\">JE NE SUIS PAS UN ROBOT<\/span>\n\t\t\t\t\t<\/span>\n\t\t\t\t\t<\/a>\n\t\t\t\t<\/div>\n\t\t\t\t\t\t\t\t<\/div>\n\t\t\t\t<\/div>\n\t\t\t\t<div class=\"elementor-element elementor-element-6df272b elementor-widget elementor-widget-heading\" data-id=\"6df272b\" data-element_type=\"widget\" data-e-type=\"widget\" data-widget_type=\"heading.default\">\n\t\t\t\t<div class=\"elementor-widget-container\">\n\t\t\t\t\t<h2 class=\"elementor-heading-title elementor-size-default\">Vous resterez sur ce site<\/h2>\t\t\t\t<\/div>\n\t\t\t\t<\/div>\n\t\t\t\t\t<\/div>\n\t\t<\/div>\n\t\t\t\t\t<\/div>\n\t\t<\/section>\n\t\t\t\t<\/div>","protected":false},"excerpt":{"rendered":"<p>VAGAS DE EMPREGO Para continuar Confirme que voc\u00ea n\u00e3o \u00e9 um ROB\u00d4 clicando no bot\u00e3o abaixo Para continuar Confirme que voc\u00ea n\u00e3o \u00e9 um ROB\u00d4&#8230;<\/p>","protected":false},"author":1,"featured_media":0,"parent":0,"menu_order":0,"comment_status":"closed","ping_status":"closed","template":"elementor_canvas","meta":{"footnotes":""},"class_list":["post-287375","page","type-page","status-publish","hentry"],"_links":{"self":[{"href":"https:\/\/ip7blog.com\/fr\/wp-json\/wp\/v2\/pages\/287375","targetHints":{"allow":["GET"]}}],"collection":[{"href":"https:\/\/ip7blog.com\/fr\/wp-json\/wp\/v2\/pages"}],"about":[{"href":"https:\/\/ip7blog.com\/fr\/wp-json\/wp\/v2\/types\/page"}],"author":[{"embeddable":true,"href":"https:\/\/ip7blog.com\/fr\/wp-json\/wp\/v2\/users\/1"}],"replies":[{"embeddable":true,"href":"https:\/\/ip7blog.com\/fr\/wp-json\/wp\/v2\/comments?post=287375"}],"version-history":[{"count":76,"href":"https:\/\/ip7blog.com\/fr\/wp-json\/wp\/v2\/pages\/287375\/revisions"}],"predecessor-version":[{"id":288553,"href":"https:\/\/ip7blog.com\/fr\/wp-json\/wp\/v2\/pages\/287375\/revisions\/288553"}],"wp:attachment":[{"href":"https:\/\/ip7blog.com\/fr\/wp-json\/wp\/v2\/media?parent=287375"}],"curies":[{"name":"wp","href":"https:\/\/api.w.org\/{rel}","templated":true}]}}