{"id":630,"date":"2021-11-30T14:51:26","date_gmt":"2021-11-30T17:51:26","guid":{"rendered":"https:\/\/blog.worldheroes.online\/?page_id=630"},"modified":"2024-07-12T13:10:12","modified_gmt":"2024-07-12T16:10:12","slug":"contato","status":"publish","type":"page","link":"https:\/\/ip7blog.com\/es\/contacto\/","title":{"rendered":"Contacto"},"content":{"rendered":"<div data-elementor-type=\"wp-page\" data-elementor-id=\"630\" class=\"elementor elementor-630\">\n\t\t\t\t\t\t<section class=\"elementor-section elementor-top-section elementor-element elementor-element-1dc1daf elementor-section-full_width elementor-section-height-default elementor-section-height-default\" data-id=\"1dc1daf\" data-element_type=\"section\" data-e-type=\"section\">\n\t\t\t\t\t\t<div class=\"elementor-container elementor-column-gap-default\">\n\t\t\t\t\t<div class=\"elementor-column elementor-col-100 elementor-top-column elementor-element elementor-element-74ca449\" data-id=\"74ca449\" data-element_type=\"column\" data-e-type=\"column\" data-settings=\"{&quot;background_background&quot;:&quot;classic&quot;}\">\n\t\t\t<div class=\"elementor-widget-wrap elementor-element-populated\">\n\t\t\t\t\t\t<div class=\"elementor-element elementor-element-1d6aade elementor-widget elementor-widget-heading\" data-id=\"1d6aade\" data-element_type=\"widget\" data-e-type=\"widget\" data-widget_type=\"heading.default\">\n\t\t\t\t<div class=\"elementor-widget-container\">\n\t\t\t\t\t<h3 class=\"elementor-heading-title elementor-size-default\">Cont\u00e1ctenos<\/h3>\t\t\t\t<\/div>\n\t\t\t\t<\/div>\n\t\t\t\t<div class=\"elementor-element elementor-element-d6af54e elementor-widget elementor-widget-text-editor\" data-id=\"d6af54e\" data-element_type=\"widget\" data-e-type=\"widget\" data-widget_type=\"text-editor.default\">\n\t\t\t\t<div class=\"elementor-widget-container\">\n\t\t\t\t\t\t\t\t\t<p>Siempre estamos dispuestos a conectar con nuestros lectores y socios. Si tiene comentarios, preguntas o sugerencias, \u00a1estamos aqu\u00ed para ayudarle! P\u00f3ngase en contacto con nosotros:<\/p><h3>Env\u00edenos un e-mail<\/h3><p>Para consultas generales, asistencia o comentarios, env\u00ede un correo electr\u00f3nico a:<\/p><p><strong><a rel=\"noreferrer\">help@izzotodigital.com.br<\/a><\/strong><\/p><p>Nos esforzamos por responder a todos los correos electr\u00f3nicos en un plazo de 24-48 horas.<\/p><h3>Redes sociales<\/h3><p>Mant\u00e9ngase al d\u00eda e interact\u00fae con nosotros a trav\u00e9s de nuestras redes sociales:<\/p><ul><li><strong>Twitter:<\/strong> @izzotodigital<\/li><li><strong>Instagram:<\/strong> @izzotodigital<\/li><li><strong>Facebook:<\/strong> @izzotodigital<\/li><\/ul><h3>Vis\u00edtenos<\/h3><p>Aunque somos principalmente una plataforma en l\u00ednea, tambi\u00e9n puede encontrarnos en nuestra oficina administrativa de S\u00e3o Paulo:<\/p><p><strong>Blog IP7<\/strong><\/p><p>S\u00e3o Paulo, SP<\/p><hr \/><p>Estamos deseando saber de ti y ayudarte en todo lo que podamos. P\u00f3ngase en contacto con nosotros hoy mismo y trabajemos juntos para que IP7 Blog sea a\u00fan mejor.<\/p>\t\t\t\t\t\t\t\t<\/div>\n\t\t\t\t<\/div>\n\t\t\t\t\t<\/div>\n\t\t<\/div>\n\t\t\t\t\t<\/div>\n\t\t<\/section>\n\t\t\t\t<\/div>","protected":false},"excerpt":{"rendered":"<p>Contacto Siempre estamos dispuestos a conectar con nuestros lectores y socios. Si tiene alg\u00fan comentario, pregunta o sugerencia, estamos aqu\u00ed para...<\/p>","protected":false},"author":1,"featured_media":0,"parent":0,"menu_order":0,"comment_status":"closed","ping_status":"closed","template":"elementor_header_footer","meta":{"footnotes":""},"class_list":["post-630","page","type-page","status-publish","hentry"],"_links":{"self":[{"href":"https:\/\/ip7blog.com\/es\/wp-json\/wp\/v2\/pages\/630","targetHints":{"allow":["GET"]}}],"collection":[{"href":"https:\/\/ip7blog.com\/es\/wp-json\/wp\/v2\/pages"}],"about":[{"href":"https:\/\/ip7blog.com\/es\/wp-json\/wp\/v2\/types\/page"}],"author":[{"embeddable":true,"href":"https:\/\/ip7blog.com\/es\/wp-json\/wp\/v2\/users\/1"}],"replies":[{"embeddable":true,"href":"https:\/\/ip7blog.com\/es\/wp-json\/wp\/v2\/comments?post=630"}],"version-history":[{"count":0,"href":"https:\/\/ip7blog.com\/es\/wp-json\/wp\/v2\/pages\/630\/revisions"}],"wp:attachment":[{"href":"https:\/\/ip7blog.com\/es\/wp-json\/wp\/v2\/media?parent=630"}],"curies":[{"name":"wp","href":"https:\/\/api.w.org\/{rel}","templated":true}]}}