{"id":627,"date":"2023-08-21T09:58:26","date_gmt":"2023-08-21T12:58:26","guid":{"rendered":"https:\/\/blog.worldheroes.online\/?page_id=627"},"modified":"2024-07-12T13:11:25","modified_gmt":"2024-07-12T16:11:25","slug":"politica-de-privacidade","status":"publish","type":"page","link":"https:\/\/ip7blog.com\/es\/politica-de-privacidad\/","title":{"rendered":"Pol\u00edtica de privacidad"},"content":{"rendered":"<div data-elementor-type=\"wp-page\" data-elementor-id=\"627\" class=\"elementor elementor-627\">\n\t\t\t\t\t\t<section class=\"elementor-section elementor-top-section elementor-element elementor-element-1dc1daf elementor-section-full_width elementor-section-height-default elementor-section-height-default\" data-id=\"1dc1daf\" data-element_type=\"section\" data-e-type=\"section\">\n\t\t\t\t\t\t<div class=\"elementor-container elementor-column-gap-default\">\n\t\t\t\t\t<div class=\"elementor-column elementor-col-100 elementor-top-column elementor-element elementor-element-74ca449\" data-id=\"74ca449\" data-element_type=\"column\" data-e-type=\"column\" data-settings=\"{&quot;background_background&quot;:&quot;classic&quot;}\">\n\t\t\t<div class=\"elementor-widget-wrap elementor-element-populated\">\n\t\t\t\t\t\t<div class=\"elementor-element elementor-element-4d0fcab elementor-widget elementor-widget-text-editor\" data-id=\"4d0fcab\" data-element_type=\"widget\" data-e-type=\"widget\" data-widget_type=\"text-editor.default\">\n\t\t\t\t<div class=\"elementor-widget-container\">\n\t\t\t\t\t\t\t\t\t<p><strong>Pol\u00edtica de privacidad de IP7BLOG<\/strong><\/p><p>\u00daltima actualizaci\u00f3n: 27 de abril de 2024<\/p><p>O <strong>IP7BLOG<\/strong> (\"nosotros\", \"nuestro\" o \"nos\") gestiona el sitio web <strong>IP7BLOG<\/strong> (el \"Servicio\"). Esta p\u00e1gina le informa de nuestras pol\u00edticas en materia de recogida, uso y divulgaci\u00f3n de datos personales cuando utiliza nuestro Servicio y de los derechos que tiene asociados a dichos datos.<\/p><h3>Recogida y uso de la informaci\u00f3n<\/h3><p>Recopilamos diversos tipos de informaci\u00f3n con distintos fines para prestarle y mejorar nuestro Servicio.<\/p><h4>Tipos de datos recogidos<\/h4><p><strong>Datos personales<\/strong><\/p><p>Al utilizar nuestro Servicio, es posible que le pidamos que nos proporcione cierta informaci\u00f3n personal que puede utilizarse para ponernos en contacto con usted o identificarle (\"Datos personales\"). Esta informaci\u00f3n puede incluir, pero no se limita a:<\/p><ul><li>Direcci\u00f3n de correo electr\u00f3nico<\/li><li>Nombre y apellidos<\/li><li>N\u00famero de tel\u00e9fono<\/li><li>Cookies y datos de uso<\/li><\/ul><p><strong>Datos de uso<\/strong><\/p><p>Tambi\u00e9n podemos recopilar informaci\u00f3n sobre c\u00f3mo se accede al Servicio y c\u00f3mo se utiliza (\"Datos de uso\"). Estos Datos de Uso pueden incluir informaci\u00f3n como la direcci\u00f3n IP de su ordenador, el tipo de navegador, la versi\u00f3n del navegador, las p\u00e1ginas de nuestro Servicio que visita, la hora y la fecha de su visita, el tiempo empleado en esas p\u00e1ginas, identificadores \u00fanicos de dispositivos y otros datos de diagn\u00f3stico.<\/p><h3>Seguimiento de datos y cookies<\/h3><p>Utilizamos cookies y tecnolog\u00edas de seguimiento similares para rastrear la actividad en nuestro Servicio y mantener cierta informaci\u00f3n.<\/p><p>Puede configurar su navegador para que rechace todas las cookies o para que le indique cu\u00e1ndo se env\u00eda una cookie. Sin embargo, si no acepta las cookies, es posible que no pueda utilizar algunas partes de nuestro Servicio.<\/p><h3>Uso de los datos<\/h3><p>O <strong>IP7BLOG<\/strong> utiliza los datos recogidos para diversos fines:<\/p><ul><li>Para prestar y mantener nuestro Servicio<\/li><li>Para notificarle cambios en nuestro Servicio<\/li><li>Permitirle participar en funciones interactivas de nuestro Servicio cuando usted decida hacerlo<\/li><li>Prestar asistencia al cliente<\/li><li>Para recopilar an\u00e1lisis o informaci\u00f3n valiosa que nos permita mejorar nuestro Servicio<\/li><li>Supervisar el uso de nuestro Servicio<\/li><li>Detectar, prevenir y resolver problemas t\u00e9cnicos<\/li><\/ul><h3>Transferencia de datos<\/h3><p>Su informaci\u00f3n, incluidos los Datos Personales, puede transferirse a ordenadores ubicados fuera de su estado, provincia, pa\u00eds u otra jurisdicci\u00f3n gubernamental en la que las leyes de protecci\u00f3n de datos puedan diferir de las de su jurisdicci\u00f3n, y mantenerse en dichos ordenadores.<\/p><p>Si se encuentra fuera de Brasil y decide proporcionarnos informaci\u00f3n, tenga en cuenta que transferimos los datos, incluidos los Datos Personales, a Brasil y los procesamos all\u00ed.<\/p><h3>Difusi\u00f3n de datos<\/h3><p>Podemos revelar informaci\u00f3n personal en virtud de la ley o en respuesta a citaciones o procesos legales v\u00e1lidos; para proteger los derechos legales del <strong>IP7BLOG<\/strong>para investigar o tomar medidas contra posibles infracciones de nuestras pol\u00edticas; para proteger la seguridad personal de los usuarios del Servicio o del p\u00fablico.<\/p><h3>Seguridad de los datos<\/h3><p>La seguridad de sus datos es importante para nosotros, pero recuerde que ning\u00fan m\u00e9todo de transmisi\u00f3n por Internet o m\u00e9todo de almacenamiento electr\u00f3nico es 100% seguro. Aunque nos esforzamos por utilizar medios comercialmente aceptables para proteger sus Datos Personales, no podemos garantizar su seguridad absoluta.<\/p><h3>Servicios de terceros<\/h3><p>Podemos emplear a terceras empresas y particulares para facilitar nuestro Servicio (\"Proveedores de Servicios\"), prestar el Servicio en nuestro nombre, realizar servicios relacionados con el Servicio o ayudarnos a analizar c\u00f3mo se utiliza nuestro Servicio.<\/p><h3>Enlaces a otros sitios<\/h3><p>Nuestro Servicio puede contener enlaces a otros sitios web que no son operados por nosotros. Si hace clic en un enlace de terceros, ser\u00e1 dirigido al sitio web de ese tercero. Le recomendamos encarecidamente que revise la Pol\u00edtica de Privacidad de cada sitio que visite.<\/p><h3>Privacidad infantil<\/h3><p>Nuestro Servicio no est\u00e1 destinado a ni\u00f1os menores de 18 a\u00f1os (\"Ni\u00f1os\").<\/p><h2>Pol\u00edtica de privacidad de los anuncios y socios de Google AdSense<\/h2><p>En este sitio web utilizamos Google AdSense, un servicio publicitario de Google Inc. Google AdSense utiliza \"cookies\", que son archivos de texto ubicados en su ordenador, para ayudar al sitio web a analizar c\u00f3mo lo utilizan los visitantes. Adem\u00e1s de cookies, Google AdSense tambi\u00e9n utiliza balizas web (im\u00e1genes invisibles). Estas balizas web permiten a Google y a sus socios analizar el modo en que los visitantes interact\u00faan con el sitio.<\/p><h3>Informaci\u00f3n recogida<\/h3><p>Las cookies y las balizas web recopilan informaci\u00f3n como su direcci\u00f3n IP, su proveedor de servicios de Internet, el navegador que utiliz\u00f3 para visitar nuestro sitio (como Chrome o Firefox), la hora de su visita y las p\u00e1ginas que visit\u00f3 en nuestro sitio. Esta informaci\u00f3n se utiliza para optimizar la experiencia del usuario personalizando los contenidos publicitarios en funci\u00f3n de los visitantes del sitio y de otros sitios de Internet.<\/p><h3>Uso de los datos<\/h3><p>Los datos recopilados se utilizan para proporcionar y mejorar el servicio de publicidad, garantizando que los anuncios mostrados sean m\u00e1s relevantes para usted y sus intereses. El uso de esta informaci\u00f3n tambi\u00e9n permite a Google y a sus socios medir la eficacia de su publicidad.<\/p><h3>Terceros<\/h3><p>Tambi\u00e9n podemos recurrir a terceros para que publiquen anuncios en nuestro sitio. Estos terceros pueden utilizar tecnolog\u00edas como las cookies cuando se anuncian en nuestro sitio, lo que tambi\u00e9n les da acceso a informaci\u00f3n como su IP, ISP, navegador, etc. Esto se utiliza generalmente para geotargeting o para mostrar ciertos anuncios basados en sitios web espec\u00edficos visitados.<\/p><h3>Sus opciones<\/h3><p>Usted tiene la opci\u00f3n de aceptar o rechazar las cookies modificando la configuraci\u00f3n de su navegador. Sin embargo, si decide rechazar las cookies, esto puede interferir con la forma en que puede interactuar con nuestro sitio web, as\u00ed como con otros sitios web. Esto puede incluir la imposibilidad de acceder a servicios o programas, como el inicio de sesi\u00f3n en foros o cuentas.<\/p><p>Para obtener m\u00e1s informaci\u00f3n sobre el uso que Google hace de los datos cuando se utilizan sitios web o aplicaciones de socios de Google, visite la p\u00e1gina\u00a0<a href=\"https:\/\/policies.google.com\/technologies\/partner-sites\" target=\"_new\" rel=\"noopener\">C\u00f3mo utiliza Google la informaci\u00f3n de los sitios web o aplicaciones que utilizan nuestros servicios<\/a>.<\/p><h3>Consentimiento<\/h3><p>Al utilizar nuestro sitio web, usted acepta la recopilaci\u00f3n y el uso de esta informaci\u00f3n tal y como se describe en esta secci\u00f3n de la Pol\u00edtica de privacidad de los anuncios de Google AdSense.<\/p><h3>Cambios en esta pol\u00edtica de privacidad<\/h3><p>Es posible que actualicemos nuestra Pol\u00edtica de Privacidad de vez en cuando. Le notificaremos cualquier cambio publicando la nueva Pol\u00edtica de Privacidad en esta p\u00e1gina.<\/p><h3>Cont\u00e1ctenos<\/h3><p>Si tiene alguna pregunta sobre esta Pol\u00edtica de privacidad, p\u00f3ngase en contacto con nosotros:<\/p><ul><li>Por correo electr\u00f3nico:\u00a0<a target=\"_new\" rel=\"noopener\">help@izzotodigital.com.br<\/a><\/li><li>En las redes sociales: @<b>izzotodigital <\/b>Al utilizar este blog, usted acepta la recopilaci\u00f3n y el uso de informaci\u00f3n de acuerdo con esta pol\u00edtica.<\/li><\/ul>\t\t\t\t\t\t\t\t<\/div>\n\t\t\t\t<\/div>\n\t\t\t\t\t<\/div>\n\t\t<\/div>\n\t\t\t\t\t<\/div>\n\t\t<\/section>\n\t\t\t\t<\/div>","protected":false},"excerpt":{"rendered":"<p>Pol\u00edtica de privacidad de IP7BLOG \u00daltima actualizaci\u00f3n: 27 de abril de 2024 IP7BLOG (\u201cnosotros\u201d o \u201cnuestro\u201d) gestiona el sitio web IP7BLOG (el \u201cServicio\u201d). Este...<\/p>","protected":false},"author":1,"featured_media":0,"parent":0,"menu_order":0,"comment_status":"closed","ping_status":"closed","template":"elementor_header_footer","meta":{"footnotes":""},"class_list":["post-627","page","type-page","status-publish","hentry"],"_links":{"self":[{"href":"https:\/\/ip7blog.com\/es\/wp-json\/wp\/v2\/pages\/627","targetHints":{"allow":["GET"]}}],"collection":[{"href":"https:\/\/ip7blog.com\/es\/wp-json\/wp\/v2\/pages"}],"about":[{"href":"https:\/\/ip7blog.com\/es\/wp-json\/wp\/v2\/types\/page"}],"author":[{"embeddable":true,"href":"https:\/\/ip7blog.com\/es\/wp-json\/wp\/v2\/users\/1"}],"replies":[{"embeddable":true,"href":"https:\/\/ip7blog.com\/es\/wp-json\/wp\/v2\/comments?post=627"}],"version-history":[{"count":0,"href":"https:\/\/ip7blog.com\/es\/wp-json\/wp\/v2\/pages\/627\/revisions"}],"wp:attachment":[{"href":"https:\/\/ip7blog.com\/es\/wp-json\/wp\/v2\/media?parent=627"}],"curies":[{"name":"wp","href":"https:\/\/api.w.org\/{rel}","templated":true}]}}