{"id":624,"date":"2023-08-21T09:58:26","date_gmt":"2023-08-21T12:58:26","guid":{"rendered":"https:\/\/blog.worldheroes.online\/?page_id=624"},"modified":"2024-07-12T13:14:12","modified_gmt":"2024-07-12T16:14:12","slug":"termos-de-uso","status":"publish","type":"page","link":"https:\/\/ip7blog.com\/es\/terminos-de-uso\/","title":{"rendered":"Terminos de uso"},"content":{"rendered":"<div data-elementor-type=\"wp-page\" data-elementor-id=\"624\" class=\"elementor elementor-624\">\n\t\t\t\t\t\t<section class=\"elementor-section elementor-top-section elementor-element elementor-element-1dc1daf elementor-section-full_width elementor-section-height-default elementor-section-height-default\" data-id=\"1dc1daf\" data-element_type=\"section\" data-e-type=\"section\">\n\t\t\t\t\t\t<div class=\"elementor-container elementor-column-gap-default\">\n\t\t\t\t\t<div class=\"elementor-column elementor-col-100 elementor-top-column elementor-element elementor-element-74ca449\" data-id=\"74ca449\" data-element_type=\"column\" data-e-type=\"column\" data-settings=\"{&quot;background_background&quot;:&quot;classic&quot;}\">\n\t\t\t<div class=\"elementor-widget-wrap elementor-element-populated\">\n\t\t\t\t\t\t<div class=\"elementor-element elementor-element-4d0fcab elementor-widget elementor-widget-text-editor\" data-id=\"4d0fcab\" data-element_type=\"widget\" data-e-type=\"widget\" data-widget_type=\"text-editor.default\">\n\t\t\t\t<div class=\"elementor-widget-container\">\n\t\t\t\t\t\t\t\t\t<p>\u00daltima actualizaci\u00f3n: 12 de julio de 2024<\/p><p>Bienvenido al blog de IP7 Estas Condiciones de uso (\"Condiciones\") regulan el uso del sitio web <a href=\"https:\/\/ip7blog.com\/es\/\" target=\"_new\" rel=\"noreferrer\">https:\/\/ip7blog.com\/<\/a> (\"Servicio\") operado por IP7 Blog (\"nosotros\" o \"nuestro\"). Al acceder o utilizar nuestro Servicio, usted acepta cumplir y estar obligado por estos T\u00e9rminos. Si no est\u00e1 de acuerdo con alguna parte de las Condiciones, no debe acceder al Servicio.<\/p><h2>Uso del Servicio<\/h2><h3>Admisibilidad<\/h3><p>Debe tener al menos 18 a\u00f1os para utilizar nuestro Servicio. Al utilizar el Servicio, usted declara y garantiza que tiene capacidad legal para suscribir este acuerdo y cumplir las presentes Condiciones.<\/p><h3>Cuenta de usuario<\/h3><p>Para acceder a determinadas funciones de nuestro Servicio, es posible que tenga que crear una cuenta. Usted es responsable de mantener la confidencialidad de su cuenta y contrase\u00f1a y de restringir el acceso a su ordenador. Usted acepta la responsabilidad de todas las actividades que se realicen con su cuenta o contrase\u00f1a.<\/p><h3>Comportamiento de los usuarios<\/h3><p>Usted se compromete a utilizar nuestro Servicio \u00fanicamente con fines l\u00edcitos y de conformidad con las presentes Condiciones. Usted no podr\u00e1:<\/p><ul><li>Utilizar el Servicio de forma que infrinja cualquier ley o normativa aplicable;<\/li><li>Explotar, da\u00f1ar o intentar explotar o da\u00f1ar a menores de cualquier forma, exponi\u00e9ndolos a contenidos inapropiados o de otro modo;<\/li><li>Enviar, recibir, cargar, descargar, utilizar o reutilizar cualquier material que no cumpla las normas de contenido establecidas en estas Condiciones;<\/li><li>Transmitir, o intentar enviar, cualquier material publicitario o promocional, incluido \"correo basura\", \"cartas en cadena\", \"spam\" o cualquier otra solicitud similar.<\/li><\/ul><h2>Propiedad intelectual<\/h2><p>Todo el contenido de nuestro Servicio, incluidos textos, gr\u00e1ficos, logotipos, iconos de botones, im\u00e1genes y software, es propiedad nuestra o de nuestros licenciantes y est\u00e1 protegido por derechos de autor y otras leyes de propiedad intelectual.<\/p><h2>Enlaces a otros sitios<\/h2><p>Nuestro Servicio puede contener enlaces a sitios web de terceros que no son de nuestra propiedad ni est\u00e1n bajo nuestro control. No tenemos ning\u00fan control sobre, y no asumimos ninguna responsabilidad por, el contenido, las pol\u00edticas de privacidad o las pr\u00e1cticas de los sitios o servicios de terceros. Usted reconoce y acepta que no seremos responsables, directa o indirectamente, por cualquier da\u00f1o o p\u00e9rdida causada o supuestamente causada por o en conexi\u00f3n con el uso o la confianza en cualquier contenido, bienes o servicios disponibles en o a trav\u00e9s de cualquiera de dichos sitios web o servicios.<\/p><h2>Terminaci\u00f3n<\/h2><p>Podemos terminar o suspender su acceso al Servicio inmediatamente, sin previo aviso ni responsabilidad, por cualquier motivo, incluyendo, sin limitaci\u00f3n, si usted incumple las Condiciones. Todas las disposiciones de las Condiciones que, por su naturaleza, deban subsistir tras la rescisi\u00f3n, subsistir\u00e1n tras la rescisi\u00f3n, incluidas, a t\u00edtulo meramente enunciativo y no limitativo, las disposiciones sobre propiedad, exclusi\u00f3n de garant\u00edas, indemnizaciones y limitaciones de responsabilidad.<\/p><h2>Exenci\u00f3n de garant\u00edas<\/h2><p>El uso del Servicio corre por su cuenta y riesgo. El Servicio se proporciona \"tal cual\" y \"seg\u00fan disponibilidad\". El Servicio se proporciona sin garant\u00edas de ning\u00fan tipo, ya sean expresas o impl\u00edcitas, incluidas, entre otras, las garant\u00edas impl\u00edcitas de comerciabilidad, idoneidad para un fin determinado, no infracci\u00f3n o curso de ejecuci\u00f3n.<\/p><h2>Limitaci\u00f3n de responsabilidad<\/h2><p>En ning\u00fan caso IP7 Blog, ni sus directores, empleados, socios, agentes, proveedores o afiliados, ser\u00e1 responsable de ning\u00fan da\u00f1o indirecto, incidental, especial, consecuente o punitivo, incluyendo, sin limitaci\u00f3n, la p\u00e9rdida de beneficios, datos, uso, fondo de comercio u otras p\u00e9rdidas intangibles, resultantes de (i) su acceso a utilizar o la imposibilidad de acceder o utilizar el Servicio; (ii) cualquier conducta o contenido de terceros en el Servicio; (iii) cualquier contenido obtenido del Servicio; y (iv) acceso no autorizado, uso o alteraci\u00f3n de sus transmisiones o contenido, basado en garant\u00eda, contrato, agravio (incluyendo negligencia) o cualquier otra teor\u00eda legal, hayamos sido advertidos o no de la posibilidad de tales da\u00f1os, e incluso si un remedio establecido en este documento falla en su prop\u00f3sito esencial.<\/p><h2>Cambios<\/h2><p>Nos reservamos el derecho, a nuestra entera discreci\u00f3n, de modificar o sustituir estas Condiciones en cualquier momento. Si una revisi\u00f3n es sustancial, nos esforzaremos por notificarlo con al menos 30 d\u00edas de antelaci\u00f3n antes de que los nuevos t\u00e9rminos entren en vigor. Lo que constituya un cambio sustancial se determinar\u00e1 a nuestra entera discreci\u00f3n.<\/p><h2>Contacto<\/h2><p>Si tiene alguna pregunta sobre estas Condiciones, p\u00f3ngase en contacto con nosotros:<\/p><ul><li><strong>Correo electr\u00f3nico:<\/strong> <a rel=\"noreferrer\">help@izzotodigital.com.br<\/a><\/li><li><strong>Twitter:<\/strong> @izzotodigital<\/li><li><strong>Instagram:<\/strong> @izzotodigital<\/li><li><strong>Facebook:<\/strong> @izzotodigital<\/li><\/ul>\t\t\t\t\t\t\t\t<\/div>\n\t\t\t\t<\/div>\n\t\t\t\t\t<\/div>\n\t\t<\/div>\n\t\t\t\t\t<\/div>\n\t\t<\/section>\n\t\t\t\t<\/div>","protected":false},"excerpt":{"rendered":"<p>\u00daltima atualiza\u00e7\u00e3o: 12 de julho de 2024 Bem-vindo ao IP7 Blog! Estes Termos de Uso (&#8220;Termos&#8221;) regem o uso do site https:\/\/ip7blog.com\/ (&#8220;Servi\u00e7o&#8221;) operado pelo&#8230;<\/p>","protected":false},"author":1,"featured_media":0,"parent":0,"menu_order":0,"comment_status":"closed","ping_status":"closed","template":"elementor_header_footer","meta":{"footnotes":""},"class_list":["post-624","page","type-page","status-publish","hentry"],"_links":{"self":[{"href":"https:\/\/ip7blog.com\/es\/wp-json\/wp\/v2\/pages\/624","targetHints":{"allow":["GET"]}}],"collection":[{"href":"https:\/\/ip7blog.com\/es\/wp-json\/wp\/v2\/pages"}],"about":[{"href":"https:\/\/ip7blog.com\/es\/wp-json\/wp\/v2\/types\/page"}],"author":[{"embeddable":true,"href":"https:\/\/ip7blog.com\/es\/wp-json\/wp\/v2\/users\/1"}],"replies":[{"embeddable":true,"href":"https:\/\/ip7blog.com\/es\/wp-json\/wp\/v2\/comments?post=624"}],"version-history":[{"count":0,"href":"https:\/\/ip7blog.com\/es\/wp-json\/wp\/v2\/pages\/624\/revisions"}],"wp:attachment":[{"href":"https:\/\/ip7blog.com\/es\/wp-json\/wp\/v2\/media?parent=624"}],"curies":[{"name":"wp","href":"https:\/\/api.w.org\/{rel}","templated":true}]}}