{"id":1689,"date":"2023-08-21T09:58:26","date_gmt":"2023-08-21T12:58:26","guid":{"rendered":"https:\/\/investidorrentavel.tech\/?page_id=1689"},"modified":"2024-07-12T13:12:52","modified_gmt":"2024-07-12T16:12:52","slug":"quem-somos","status":"publish","type":"page","link":"https:\/\/ip7blog.com\/es\/quienes-somos\/","title":{"rendered":"Quienes somos"},"content":{"rendered":"<div data-elementor-type=\"wp-page\" data-elementor-id=\"1689\" class=\"elementor elementor-1689\">\n\t\t\t\t\t\t<section class=\"elementor-section elementor-top-section elementor-element elementor-element-1dc1daf elementor-section-full_width elementor-section-height-default elementor-section-height-default\" data-id=\"1dc1daf\" data-element_type=\"section\" data-e-type=\"section\">\n\t\t\t\t\t\t<div class=\"elementor-container elementor-column-gap-default\">\n\t\t\t\t\t<div class=\"elementor-column elementor-col-100 elementor-top-column elementor-element elementor-element-74ca449\" data-id=\"74ca449\" data-element_type=\"column\" data-e-type=\"column\" data-settings=\"{&quot;background_background&quot;:&quot;classic&quot;}\">\n\t\t\t<div class=\"elementor-widget-wrap elementor-element-populated\">\n\t\t\t\t\t\t<div class=\"elementor-element elementor-element-4d0fcab elementor-widget elementor-widget-text-editor\" data-id=\"4d0fcab\" data-element_type=\"widget\" data-e-type=\"widget\" data-widget_type=\"text-editor.default\">\n\t\t\t\t<div class=\"elementor-widget-container\">\n\t\t\t\t\t\t\t\t\t<p>Bienvenido al blog de IP7<\/p><p>En IP7 Blog, nuestra misi\u00f3n es ofrecerte la mejor informaci\u00f3n y consejos sobre aplicaciones m\u00f3viles, finanzas personales, oportunidades laborales y las \u00faltimas noticias en general. Queremos ser tu fuente de conocimiento e inspiraci\u00f3n de confianza para ayudarte a sacar el m\u00e1ximo partido a la tecnolog\u00eda, gestionar mejor tus finanzas, encontrar las mejores oportunidades profesionales y mantenerte informado sobre los acontecimientos m\u00e1s importantes.<\/p><h3>Nuestros temas principales<\/h3><p><strong>Aplicaciones m\u00f3viles<\/strong><\/p><p>Exploramos y analizamos las mejores aplicaciones disponibles en el mercado para diversos fines: desde productividad y entretenimiento hasta salud y bienestar. Nuestro objetivo es ayudarte a descubrir herramientas \u00fatiles que pueden hacer tu vida diaria m\u00e1s f\u00e1cil y enriquecedora.<\/p><p><strong>Finanzas personales<\/strong><\/p><p>Le ofrecemos consejos pr\u00e1cticos y estrategias para mejorar su salud financiera. Desde consejos para ahorrar e invertir hasta planificaci\u00f3n financiera y elaboraci\u00f3n de presupuestos personales, estamos aqu\u00ed para guiarte hacia un futuro financiero m\u00e1s seguro y estable.<\/p><p><strong>Oportunidades de empleo<\/strong><\/p><p>Sabemos que encontrar la oportunidad laboral adecuada puede ser todo un reto. Por eso hemos recopilado consejos profesionales, orientaciones sobre c\u00f3mo preparar un CV eficaz, consejos para entrevistas de trabajo y las mejores oportunidades disponibles en el mercado laboral.<\/p><p><strong>Noticias generales<\/strong><\/p><p>Mant\u00e9ngase al d\u00eda de las \u00faltimas noticias y acontecimientos importantes en todo el mundo. Nuestro equipo se dedica a ofrecerle informaci\u00f3n precisa y relevante para que est\u00e9 siempre bien informado.<\/p><h3>Nuestra misi\u00f3n<\/h3><p>Creemos que la informaci\u00f3n es poderosa y que comparti\u00e9ndola de forma accesible y comprensible podemos capacitar a nuestros lectores para tomar decisiones informadas y mejorar sus vidas. Nuestro compromiso es ofrecer contenidos de calidad, actualizados y relevantes para satisfacer sus necesidades e intereses.<\/p><h3>Cont\u00e1ctenos<\/h3><p>Nos encanta conectar con nuestros lectores y socios. Si tiene alguna sugerencia, pregunta o comentario, no dude en ponerse en contacto con nosotros. Estamos aqu\u00ed para escuchar y ayudar en todo lo que podamos.<\/p><ul><li><strong>Correo electr\u00f3nico:<\/strong> <a rel=\"noreferrer\">help@izzotodigital.com.br<\/a><\/li><li><strong>Twitter:<\/strong> @izzotodigital<\/li><li><strong>Instagram:<\/strong> @izzotodigital<\/li><li><strong>Facebook:<\/strong> @izzotodigital<\/li><\/ul><h3>\u00danete a nosotros<\/h3><p>S\u00edganos en las redes sociales para estar al d\u00eda de las \u00faltimas noticias, consejos exclusivos y mucho m\u00e1s. Estamos deseando construir con usted una comunidad comprometida e informada.<\/p><p>Muchas gracias por visitar el blog de IP7. Esperamos que disfrutes de nuestro contenido y que marque la diferencia en tu vida. Exploremos juntos el mundo de las aplicaciones, las finanzas, el empleo y las noticias.<\/p>\t\t\t\t\t\t\t\t<\/div>\n\t\t\t\t<\/div>\n\t\t\t\t\t<\/div>\n\t\t<\/div>\n\t\t\t\t\t<\/div>\n\t\t<\/section>\n\t\t\t\t<\/div>","protected":false},"excerpt":{"rendered":"<p>Bienvenido al blog de IP7 En IP7 Blog, nuestra misi\u00f3n es ofrecerte la mejor informaci\u00f3n y consejos sobre aplicaciones m\u00f3viles, finanzas personales, oportunidades de empleo...<\/p>","protected":false},"author":1,"featured_media":0,"parent":0,"menu_order":0,"comment_status":"closed","ping_status":"closed","template":"elementor_header_footer","meta":{"footnotes":""},"class_list":["post-1689","page","type-page","status-publish","hentry"],"_links":{"self":[{"href":"https:\/\/ip7blog.com\/es\/wp-json\/wp\/v2\/pages\/1689","targetHints":{"allow":["GET"]}}],"collection":[{"href":"https:\/\/ip7blog.com\/es\/wp-json\/wp\/v2\/pages"}],"about":[{"href":"https:\/\/ip7blog.com\/es\/wp-json\/wp\/v2\/types\/page"}],"author":[{"embeddable":true,"href":"https:\/\/ip7blog.com\/es\/wp-json\/wp\/v2\/users\/1"}],"replies":[{"embeddable":true,"href":"https:\/\/ip7blog.com\/es\/wp-json\/wp\/v2\/comments?post=1689"}],"version-history":[{"count":0,"href":"https:\/\/ip7blog.com\/es\/wp-json\/wp\/v2\/pages\/1689\/revisions"}],"wp:attachment":[{"href":"https:\/\/ip7blog.com\/es\/wp-json\/wp\/v2\/media?parent=1689"}],"curies":[{"name":"wp","href":"https:\/\/api.w.org\/{rel}","templated":true}]}}