{"id":1689,"date":"2023-08-21T09:58:26","date_gmt":"2023-08-21T12:58:26","guid":{"rendered":"https:\/\/investidorrentavel.tech\/?page_id=1689"},"modified":"2024-07-12T13:12:52","modified_gmt":"2024-07-12T16:12:52","slug":"quem-somos","status":"publish","type":"page","link":"https:\/\/ip7blog.com\/en\/who-we-are\/","title":{"rendered":"Who we are"},"content":{"rendered":"<div data-elementor-type=\"wp-page\" data-elementor-id=\"1689\" class=\"elementor elementor-1689\">\n\t\t\t\t\t\t<section class=\"elementor-section elementor-top-section elementor-element elementor-element-1dc1daf elementor-section-full_width elementor-section-height-default elementor-section-height-default\" data-id=\"1dc1daf\" data-element_type=\"section\" data-e-type=\"section\">\n\t\t\t\t\t\t<div class=\"elementor-container elementor-column-gap-default\">\n\t\t\t\t\t<div class=\"elementor-column elementor-col-100 elementor-top-column elementor-element elementor-element-74ca449\" data-id=\"74ca449\" data-element_type=\"column\" data-e-type=\"column\" data-settings=\"{&quot;background_background&quot;:&quot;classic&quot;}\">\n\t\t\t<div class=\"elementor-widget-wrap elementor-element-populated\">\n\t\t\t\t\t\t<div class=\"elementor-element elementor-element-4d0fcab elementor-widget elementor-widget-text-editor\" data-id=\"4d0fcab\" data-element_type=\"widget\" data-e-type=\"widget\" data-widget_type=\"text-editor.default\">\n\t\t\t\t<div class=\"elementor-widget-container\">\n\t\t\t\t\t\t\t\t\t<p>Welcome to the IP7 Blog!<\/p><p>At IP7 Blog, our mission is to bring you the best information and tips on mobile apps, personal finance, job opportunities and the latest news in general. We want to be your trusted source of knowledge and inspiration to help you make the most of technology, manage your finances better, find the best career opportunities and stay informed about the most important events.<\/p><h3>Our Main Themes<\/h3><p><strong>Mobile Apps<\/strong><\/p><p>We explore and analyze the best apps available on the market for a variety of purposes - from productivity and entertainment to health and well-being. Our aim is to help you discover useful tools that can make your daily life easier and richer.<\/p><p><strong>Personal Finance<\/strong><\/p><p>We offer practical advice and strategies to improve your financial health. From savings and investment tips to financial planning and personal budgeting, we are here to guide you towards a more secure and stable financial future.<\/p><p><strong>Job Opportunities<\/strong><\/p><p>We know that finding the right job opportunity can be a challenge. That's why we've compiled career tips, guidance on how to prepare an effective CV, advice for job interviews and the best opportunities available on the job market.<\/p><p><strong>General News<\/strong><\/p><p>Keep up to date with the latest news and important events around the world. Our team is dedicated to bringing you accurate and relevant information so that you are always well informed.<\/p><h3>Our Mission<\/h3><p>We believe that information is powerful and that by sharing it in an accessible and understandable way, we can empower our readers to make informed decisions and improve their lives. Our commitment is to offer quality, up-to-date and relevant content to meet your needs and interests.<\/p><h3>Contact us<\/h3><p>We love connecting with our readers and partners! If you have any suggestions, questions or comments, don't hesitate to contact us. We're here to listen and help in any way we can.<\/p><ul><li><strong>Email:<\/strong> <a rel=\"noreferrer\">help@izzotodigital.com.br<\/a><\/li><li><strong>Twitter:<\/strong> @izzotodigital<\/li><li><strong>Instagram:<\/strong> @izzotodigital<\/li><li><strong>Facebook:<\/strong> @izzotodigital<\/li><\/ul><h3>Join Us<\/h3><p>Follow us on social media to keep up to date with the latest news, exclusive tips and much more. We look forward to building an engaged and informed community with you.<\/p><p>Thank you very much for visiting the IP7 Blog! We hope you enjoy our content and that it makes a difference to your life. Let's explore the world of apps, finance, jobs and news together!<\/p>\t\t\t\t\t\t\t\t<\/div>\n\t\t\t\t<\/div>\n\t\t\t\t\t<\/div>\n\t\t<\/div>\n\t\t\t\t\t<\/div>\n\t\t<\/section>\n\t\t\t\t<\/div>","protected":false},"excerpt":{"rendered":"<p>Bem-vindo ao IP7 Blog! No IP7 Blog, nossa miss\u00e3o \u00e9 trazer as melhores informa\u00e7\u00f5es e dicas sobre aplicativos para celular, finan\u00e7as pessoais, oportunidades de emprego&#8230;<\/p>","protected":false},"author":1,"featured_media":0,"parent":0,"menu_order":0,"comment_status":"closed","ping_status":"closed","template":"elementor_header_footer","meta":{"footnotes":""},"class_list":["post-1689","page","type-page","status-publish","hentry"],"_links":{"self":[{"href":"https:\/\/ip7blog.com\/en\/wp-json\/wp\/v2\/pages\/1689","targetHints":{"allow":["GET"]}}],"collection":[{"href":"https:\/\/ip7blog.com\/en\/wp-json\/wp\/v2\/pages"}],"about":[{"href":"https:\/\/ip7blog.com\/en\/wp-json\/wp\/v2\/types\/page"}],"author":[{"embeddable":true,"href":"https:\/\/ip7blog.com\/en\/wp-json\/wp\/v2\/users\/1"}],"replies":[{"embeddable":true,"href":"https:\/\/ip7blog.com\/en\/wp-json\/wp\/v2\/comments?post=1689"}],"version-history":[{"count":0,"href":"https:\/\/ip7blog.com\/en\/wp-json\/wp\/v2\/pages\/1689\/revisions"}],"wp:attachment":[{"href":"https:\/\/ip7blog.com\/en\/wp-json\/wp\/v2\/media?parent=1689"}],"curies":[{"name":"wp","href":"https:\/\/api.w.org\/{rel}","templated":true}]}}