{"id":630,"date":"2021-11-30T14:51:26","date_gmt":"2021-11-30T17:51:26","guid":{"rendered":"https:\/\/blog.worldheroes.online\/?page_id=630"},"modified":"2024-07-12T13:10:12","modified_gmt":"2024-07-12T16:10:12","slug":"contato","status":"publish","type":"page","link":"https:\/\/ip7blog.com\/de\/kontakt\/","title":{"rendered":"Kontakt"},"content":{"rendered":"<div data-elementor-type=\"wp-page\" data-elementor-id=\"630\" class=\"elementor elementor-630\">\n\t\t\t\t\t\t<section class=\"elementor-section elementor-top-section elementor-element elementor-element-1dc1daf elementor-section-full_width elementor-section-height-default elementor-section-height-default\" data-id=\"1dc1daf\" data-element_type=\"section\" data-e-type=\"section\">\n\t\t\t\t\t\t<div class=\"elementor-container elementor-column-gap-default\">\n\t\t\t\t\t<div class=\"elementor-column elementor-col-100 elementor-top-column elementor-element elementor-element-74ca449\" data-id=\"74ca449\" data-element_type=\"column\" data-e-type=\"column\" data-settings=\"{&quot;background_background&quot;:&quot;classic&quot;}\">\n\t\t\t<div class=\"elementor-widget-wrap elementor-element-populated\">\n\t\t\t\t\t\t<div class=\"elementor-element elementor-element-1d6aade elementor-widget elementor-widget-heading\" data-id=\"1d6aade\" data-element_type=\"widget\" data-e-type=\"widget\" data-widget_type=\"heading.default\">\n\t\t\t\t<div class=\"elementor-widget-container\">\n\t\t\t\t\t<h3 class=\"elementor-heading-title elementor-size-default\">Kontaktiere uns<\/h3>\t\t\t\t<\/div>\n\t\t\t\t<\/div>\n\t\t\t\t<div class=\"elementor-element elementor-element-d6af54e elementor-widget elementor-widget-text-editor\" data-id=\"d6af54e\" data-element_type=\"widget\" data-e-type=\"widget\" data-widget_type=\"text-editor.default\">\n\t\t\t\t<div class=\"elementor-widget-container\">\n\t\t\t\t\t\t\t\t\t<p>Wir sind immer daran interessiert, mit unseren Lesern und Partnern in Kontakt zu treten. Wenn Sie Feedback, Fragen oder Vorschl\u00e4ge haben, sind wir f\u00fcr Sie da! Hier erfahren Sie, wie Sie mit uns in Kontakt treten k\u00f6nnen:<\/p><h3>Schicken Sie uns eine E-Mail<\/h3><p>F\u00fcr allgemeine Anfragen, Unterst\u00fctzung oder Feedback senden Sie bitte eine E-Mail an:<\/p><p><strong><a rel=\"noreferrer\">help@izzotodigital.com.br<\/a><\/strong><\/p><p>Wir bem\u00fchen uns, alle E-Mails innerhalb von 24-48 Stunden zu beantworten.<\/p><h3>Soziale Netzwerke<\/h3><p>Bleiben Sie auf dem Laufenden und interagieren Sie mit uns \u00fcber unsere sozialen Netzwerke:<\/p><ul><li><strong>Twitter:<\/strong> @izzotodigital<\/li><li><strong>Instagram:<\/strong> @izzotodigital<\/li><li><strong>Facebook:<\/strong> @izzotodigital<\/li><\/ul><h3>Besuchen Sie uns<\/h3><p>Obwohl wir in erster Linie eine Online-Plattform sind, k\u00f6nnen Sie uns auch in unserem Verwaltungsb\u00fcro in S\u00e3o Paulo finden:<\/p><p><strong>IP7-Blog<\/strong><\/p><p>S\u00e3o Paulo, SP<\/p><hr \/><p>Wir freuen uns darauf, von Ihnen zu h\u00f6ren und Ihnen auf jede erdenkliche Weise zu helfen. Nehmen Sie noch heute Kontakt mit uns auf und lassen Sie uns gemeinsam daran arbeiten, IP7 Blog noch besser zu machen!<\/p>\t\t\t\t\t\t\t\t<\/div>\n\t\t\t\t<\/div>\n\t\t\t\t\t<\/div>\n\t\t<\/div>\n\t\t\t\t\t<\/div>\n\t\t<\/section>\n\t\t\t\t<\/div>","protected":false},"excerpt":{"rendered":"<p>Entre em Contato Conosco Estamos sempre ansiosos para nos conectar com nossos leitores e parceiros. Se voc\u00ea tiver feedback, d\u00favidas ou sugest\u00f5es, estamos aqui para&#8230;<\/p>","protected":false},"author":1,"featured_media":0,"parent":0,"menu_order":0,"comment_status":"closed","ping_status":"closed","template":"elementor_header_footer","meta":{"footnotes":""},"class_list":["post-630","page","type-page","status-publish","hentry"],"_links":{"self":[{"href":"https:\/\/ip7blog.com\/de\/wp-json\/wp\/v2\/pages\/630","targetHints":{"allow":["GET"]}}],"collection":[{"href":"https:\/\/ip7blog.com\/de\/wp-json\/wp\/v2\/pages"}],"about":[{"href":"https:\/\/ip7blog.com\/de\/wp-json\/wp\/v2\/types\/page"}],"author":[{"embeddable":true,"href":"https:\/\/ip7blog.com\/de\/wp-json\/wp\/v2\/users\/1"}],"replies":[{"embeddable":true,"href":"https:\/\/ip7blog.com\/de\/wp-json\/wp\/v2\/comments?post=630"}],"version-history":[{"count":0,"href":"https:\/\/ip7blog.com\/de\/wp-json\/wp\/v2\/pages\/630\/revisions"}],"wp:attachment":[{"href":"https:\/\/ip7blog.com\/de\/wp-json\/wp\/v2\/media?parent=630"}],"curies":[{"name":"wp","href":"https:\/\/api.w.org\/{rel}","templated":true}]}}