{"id":624,"date":"2023-08-21T09:58:26","date_gmt":"2023-08-21T12:58:26","guid":{"rendered":"https:\/\/blog.worldheroes.online\/?page_id=624"},"modified":"2024-07-12T13:14:12","modified_gmt":"2024-07-12T16:14:12","slug":"termos-de-uso","status":"publish","type":"page","link":"https:\/\/ip7blog.com\/de\/nutzungsbedingungen\/","title":{"rendered":"Nutzungsbedingungen"},"content":{"rendered":"<div data-elementor-type=\"wp-page\" data-elementor-id=\"624\" class=\"elementor elementor-624\">\n\t\t\t\t\t\t<section class=\"elementor-section elementor-top-section elementor-element elementor-element-1dc1daf elementor-section-full_width elementor-section-height-default elementor-section-height-default\" data-id=\"1dc1daf\" data-element_type=\"section\" data-e-type=\"section\">\n\t\t\t\t\t\t<div class=\"elementor-container elementor-column-gap-default\">\n\t\t\t\t\t<div class=\"elementor-column elementor-col-100 elementor-top-column elementor-element elementor-element-74ca449\" data-id=\"74ca449\" data-element_type=\"column\" data-e-type=\"column\" data-settings=\"{&quot;background_background&quot;:&quot;classic&quot;}\">\n\t\t\t<div class=\"elementor-widget-wrap elementor-element-populated\">\n\t\t\t\t\t\t<div class=\"elementor-element elementor-element-4d0fcab elementor-widget elementor-widget-text-editor\" data-id=\"4d0fcab\" data-element_type=\"widget\" data-e-type=\"widget\" data-widget_type=\"text-editor.default\">\n\t\t\t\t<div class=\"elementor-widget-container\">\n\t\t\t\t\t\t\t\t\t<p>Letzte Aktualisierung: 12. Juli 2024<\/p><p>Willkommen auf dem IP7-Blog! Diese Nutzungsbedingungen (\"Bedingungen\") regeln Ihre Nutzung der Website <a href=\"https:\/\/ip7blog.com\/de\/\" target=\"_new\" rel=\"noreferrer\">https:\/\/ip7blog.com\/<\/a> (\"Dienst\"), betrieben von IP7 Blog (\"wir\", \"wir\" oder \"unser\"). Indem Sie auf unseren Service zugreifen oder ihn nutzen, erkl\u00e4ren Sie sich damit einverstanden, diese Bedingungen einzuhalten und an sie gebunden zu sein. Wenn Sie mit irgendeinem Teil der Bedingungen nicht einverstanden sind, sollten Sie nicht auf den Dienst zugreifen.<\/p><h2>Nutzung des Dienstes<\/h2><h3>Zuschussf\u00e4higkeit<\/h3><p>Sie m\u00fcssen mindestens 18 Jahre alt sein, um unseren Service nutzen zu k\u00f6nnen. Durch die Nutzung des Dienstes erkl\u00e4ren und garantieren Sie, dass Sie rechtsf\u00e4hig sind, diese Vereinbarung einzugehen und diese Bedingungen einzuhalten.<\/p><h3>Benutzerkonto<\/h3><p>Um auf bestimmte Funktionen unseres Dienstes zugreifen zu k\u00f6nnen, m\u00fcssen Sie m\u00f6glicherweise ein Konto einrichten. Sie sind daf\u00fcr verantwortlich, die Vertraulichkeit Ihres Kontos und Passworts zu wahren und den Zugang zu Ihrem Computer zu beschr\u00e4nken. Sie stimmen zu, die Verantwortung f\u00fcr alle Aktivit\u00e4ten zu \u00fcbernehmen, die unter Ihrem Konto oder Passwort stattfinden.<\/p><h3>Benutzerverhalten<\/h3><p>Sie stimmen zu, unseren Service nur f\u00fcr rechtm\u00e4\u00dfige Zwecke und in \u00dcbereinstimmung mit diesen Bedingungen zu nutzen. Sie d\u00fcrfen nicht:<\/p><ul><li>den Dienst in einer Weise zu nutzen, die gegen ein anwendbares Gesetz oder eine Vorschrift verst\u00f6\u00dft;<\/li><li>Minderj\u00e4hrige in irgendeiner Weise auszunutzen, zu sch\u00e4digen oder zu versuchen, sie auszunutzen oder zu sch\u00e4digen, indem sie sie unangemessenen Inhalten oder anderweitig aussetzen;<\/li><li>Material zu senden, zu empfangen, hochzuladen, herunterzuladen, zu verwenden oder wiederzuverwenden, das nicht den in diesen Bedingungen dargelegten Inhaltsstandards entspricht;<\/li><li>Werbe- oder verkaufsf\u00f6rderndes Material, einschlie\u00dflich \"Junk-Mail\", \"Kettenbriefe\", \"Spam\" oder andere \u00e4hnliche Aufforderungen, zu versenden oder dies zu versuchen.<\/li><\/ul><h2>Geistiges Eigentum<\/h2><p>Der gesamte Inhalt unseres Dienstes, einschlie\u00dflich Text, Grafiken, Logos, Schaltfl\u00e4chensymbole, Bilder und Software, ist unser Eigentum oder das unserer Lizenzgeber und ist durch das Urheberrecht und andere Gesetze \u00fcber geistiges Eigentum gesch\u00fctzt.<\/p><h2>Links zu anderen Seiten<\/h2><p>Unser Service kann Links zu Websites Dritter enthalten, die nicht in unserem Besitz sind oder von uns kontrolliert werden. Wir haben keine Kontrolle \u00fcber und \u00fcbernehmen keine Verantwortung f\u00fcr den Inhalt, die Datenschutzrichtlinien oder die Praktiken von Websites oder Diensten Dritter. Sie erkennen an und erkl\u00e4ren sich damit einverstanden, dass wir weder direkt noch indirekt f\u00fcr Sch\u00e4den oder Verluste verantwortlich oder haftbar sind, die durch oder in Verbindung mit der Nutzung von oder dem Vertrauen auf solche Inhalte, Waren oder Dienste, die auf oder \u00fcber solche Websites oder Dienste verf\u00fcgbar sind, verursacht werden oder angeblich verursacht werden.<\/p><h2>Terminierung<\/h2><p>Wir k\u00f6nnen Ihren Zugang zum Dienst sofort und ohne Vorank\u00fcndigung oder Haftung aus beliebigen Gr\u00fcnden beenden oder aussetzen, insbesondere, wenn Sie gegen die Bedingungen versto\u00dfen. Alle Bestimmungen der Bedingungen, die ihrer Natur nach die Beendigung \u00fcberdauern sollten, \u00fcberdauern die Beendigung, einschlie\u00dflich, aber nicht beschr\u00e4nkt auf Eigentumsbestimmungen, Gew\u00e4hrleistungsausschl\u00fcsse, Entsch\u00e4digung und Haftungsbeschr\u00e4nkungen.<\/p><h2>Befreiung von Garantien<\/h2><p>Die Nutzung des Dienstes erfolgt auf Ihr eigenes Risiko. Der Dienst wird \"wie besehen\" und \"wie verf\u00fcgbar\" bereitgestellt. Der Dienst wird ohne jegliche ausdr\u00fcckliche oder stillschweigende Gew\u00e4hrleistung zur Verf\u00fcgung gestellt, einschlie\u00dflich, aber nicht beschr\u00e4nkt auf stillschweigende Gew\u00e4hrleistungen der Marktg\u00e4ngigkeit, der Eignung f\u00fcr einen bestimmten Zweck, der Nichtverletzung von Rechten Dritter oder des Verlaufs der Leistung.<\/p><h2>Beschr\u00e4nkung der Haftung<\/h2><p>In keinem Fall haften IP7 Blog, noch seine Direktoren, Mitarbeiter, Partner, Vertreter, Lieferanten oder verbundenen Unternehmen f\u00fcr indirekte, zuf\u00e4llige, besondere oder Folgesch\u00e4den, einschlie\u00dflich, aber nicht beschr\u00e4nkt auf entgangenen Gewinn, Daten, Nutzung, Firmenwert oder andere immaterielle Verluste, die sich aus (i) Ihrem Zugang zur Nutzung oder der Unm\u00f6glichkeit des Zugangs oder der Nutzung des Dienstes ergeben; (ii) jeglichem Verhalten oder Inhalt von Dritten auf dem Dienst; (iii) jeglichem Inhalt, der von dem Dienst erhalten wurde; und (iv) unbefugtem Zugriff, Verwendung oder Ver\u00e4nderung Ihrer \u00dcbertragungen oder Inhalte, basierend auf Gew\u00e4hrleistung, Vertrag, unerlaubter Handlung (einschlie\u00dflich Fahrl\u00e4ssigkeit) oder einer anderen Rechtstheorie, unabh\u00e4ngig davon, ob wir auf die M\u00f6glichkeit solcher Sch\u00e4den hingewiesen wurden oder nicht, und selbst wenn eine hierin dargelegte Abhilfe ihren wesentlichen Zweck verfehlt.<\/p><h2>\u00c4nderungen<\/h2><p>Wir behalten uns das Recht vor, diese Bedingungen nach unserem alleinigen Ermessen jederzeit zu \u00e4ndern oder zu ersetzen. Wenn eine \u00c4nderung wesentlich ist, werden wir uns bem\u00fchen, sie mindestens 30 Tage vor Inkrafttreten der neuen Bedingungen anzuk\u00fcndigen. Was eine wesentliche \u00c4nderung ist, wird nach unserem alleinigen Ermessen festgelegt.<\/p><h2>Kontakt<\/h2><p>Wenn Sie Fragen zu diesen Bedingungen haben, wenden Sie sich bitte an uns:<\/p><ul><li><strong>Email:<\/strong> <a rel=\"noreferrer\">help@izzotodigital.com.br<\/a><\/li><li><strong>Twitter:<\/strong> @izzotodigital<\/li><li><strong>Instagram:<\/strong> @izzotodigital<\/li><li><strong>Facebook:<\/strong> @izzotodigital<\/li><\/ul>\t\t\t\t\t\t\t\t<\/div>\n\t\t\t\t<\/div>\n\t\t\t\t\t<\/div>\n\t\t<\/div>\n\t\t\t\t\t<\/div>\n\t\t<\/section>\n\t\t\t\t<\/div>","protected":false},"excerpt":{"rendered":"<p>\u00daltima atualiza\u00e7\u00e3o: 12 de julho de 2024 Bem-vindo ao IP7 Blog! Estes Termos de Uso (&#8220;Termos&#8221;) regem o uso do site https:\/\/ip7blog.com\/ (&#8220;Servi\u00e7o&#8221;) operado pelo&#8230;<\/p>","protected":false},"author":1,"featured_media":0,"parent":0,"menu_order":0,"comment_status":"closed","ping_status":"closed","template":"elementor_header_footer","meta":{"footnotes":""},"class_list":["post-624","page","type-page","status-publish","hentry"],"_links":{"self":[{"href":"https:\/\/ip7blog.com\/de\/wp-json\/wp\/v2\/pages\/624","targetHints":{"allow":["GET"]}}],"collection":[{"href":"https:\/\/ip7blog.com\/de\/wp-json\/wp\/v2\/pages"}],"about":[{"href":"https:\/\/ip7blog.com\/de\/wp-json\/wp\/v2\/types\/page"}],"author":[{"embeddable":true,"href":"https:\/\/ip7blog.com\/de\/wp-json\/wp\/v2\/users\/1"}],"replies":[{"embeddable":true,"href":"https:\/\/ip7blog.com\/de\/wp-json\/wp\/v2\/comments?post=624"}],"version-history":[{"count":0,"href":"https:\/\/ip7blog.com\/de\/wp-json\/wp\/v2\/pages\/624\/revisions"}],"wp:attachment":[{"href":"https:\/\/ip7blog.com\/de\/wp-json\/wp\/v2\/media?parent=624"}],"curies":[{"name":"wp","href":"https:\/\/api.w.org\/{rel}","templated":true}]}}