{"id":287494,"date":"2024-02-05T21:18:38","date_gmt":"2024-02-06T00:18:38","guid":{"rendered":"https:\/\/ip7blog.com\/?page_id=287494"},"modified":"2025-05-12T23:11:02","modified_gmt":"2025-05-13T02:11:02","slug":"empregos-na-amazon-envie-seu-curriculo","status":"publish","type":"page","link":"https:\/\/ip7blog.com\/de\/jobs-in-amazon-senden-ihren-lehrplan\/","title":{"rendered":"Jobs bei amazon Senden Sie Ihren Lebenslauf"},"content":{"rendered":"<div data-elementor-type=\"wp-page\" data-elementor-id=\"287494\" class=\"elementor elementor-287494\">\n\t\t\t\t\t\t<section class=\"elementor-section elementor-top-section elementor-element elementor-element-15c61601 elementor-section-boxed elementor-section-height-default elementor-section-height-default\" data-id=\"15c61601\" data-element_type=\"section\" data-e-type=\"section\" data-settings=\"{&quot;background_background&quot;:&quot;classic&quot;,&quot;shape_divider_bottom&quot;:&quot;wave-brush&quot;}\">\n\t\t\t\t\t<div class=\"elementor-shape elementor-shape-bottom\" aria-hidden=\"true\" data-negative=\"false\">\n\t\t\t<svg xmlns=\"http:\/\/www.w3.org\/2000\/svg\" viewbox=\"0 0 283.5 27.8\" preserveaspectratio=\"none\">\n\t<path class=\"elementor-shape-fill\" d=\"M283.5,9.7c0,0-7.3,4.3-14,4.6c-6.8,0.3-12.6,0-20.9-1.5c-11.3-2-33.1-10.1-44.7-5.7\ts-12.1,4.6-18,7.4c-6.6,3.2-20,9.6-36.6,9.3C131.6,23.5,99.5,7.2,86.3,8c-1.4,0.1-6.6,0.8-10.5,2c-3.8,1.2-9.4,3.8-17,4.7\tc-3.2,0.4-8.3,1.1-14.2,0.9c-1.5-0.1-6.3-0.4-12-1.6c-5.7-1.2-11-3.1-15.8-3.7C6.5,9.2,0,10.8,0,10.8V0h283.5V9.7z M260.8,11.3\tc-0.7-1-2-0.4-4.3-0.4c-2.3,0-6.1-1.2-5.8-1.1c0.3,0.1,3.1,1.5,6,1.9C259.7,12.2,261.4,12.3,260.8,11.3z M242.4,8.6\tc0,0-2.4-0.2-5.6-0.9c-3.2-0.8-10.3-2.8-15.1-3.5c-8.2-1.1-15.8,0-15.1,0.1c0.8,0.1,9.6-0.6,17.6,1.1c3.3,0.7,9.3,2.2,12.4,2.7\tC239.9,8.7,242.4,8.6,242.4,8.6z M185.2,8.5c1.7-0.7-13.3,4.7-18.5,6.1c-2.1,0.6-6.2,1.6-10,2c-3.9,0.4-8.9,0.4-8.8,0.5\tc0,0.2,5.8,0.8,11.2,0c5.4-0.8,5.2-1.1,7.6-1.6C170.5,14.7,183.5,9.2,185.2,8.5z M199.1,6.9c0.2,0-0.8-0.4-4.8,1.1\tc-4,1.5-6.7,3.5-6.9,3.7c-0.2,0.1,3.5-1.8,6.6-3C197,7.5,199,6.9,199.1,6.9z M283,6c-0.1,0.1-1.9,1.1-4.8,2.5s-6.9,2.8-6.7,2.7\tc0.2,0,3.5-0.6,7.4-2.5C282.8,6.8,283.1,5.9,283,6z M31.3,11.6c0.1-0.2-1.9-0.2-4.5-1.2s-5.4-1.6-7.8-2C15,7.6,7.3,8.5,7.7,8.6\tC8,8.7,15.9,8.3,20.2,9.3c2.2,0.5,2.4,0.5,5.7,1.6S31.2,11.9,31.3,11.6z M73,9.2c0.4-0.1,3.5-1.6,8.4-2.6c4.9-1.1,8.9-0.5,8.9-0.8\tc0-0.3-1-0.9-6.2-0.3S72.6,9.3,73,9.2z M71.6,6.7C71.8,6.8,75,5.4,77.3,5c2.3-0.3,1.9-0.5,1.9-0.6c0-0.1-1.1-0.2-2.7,0.2\tC74.8,5.1,71.4,6.6,71.6,6.7z M93.6,4.4c0.1,0.2,3.5,0.8,5.6,1.8c2.1,1,1.8,0.6,1.9,0.5c0.1-0.1-0.8-0.8-2.4-1.3\tC97.1,4.8,93.5,4.2,93.6,4.4z M65.4,11.1c-0.1,0.3,0.3,0.5,1.9-0.2s2.6-1.3,2.2-1.2s-0.9,0.4-2.5,0.8C65.3,10.9,65.5,10.8,65.4,11.1\tz M34.5,12.4c-0.2,0,2.1,0.8,3.3,0.9c1.2,0.1,2,0.1,2-0.2c0-0.3-0.1-0.5-1.6-0.4C36.6,12.8,34.7,12.4,34.5,12.4z M152.2,21.1\tc-0.1,0.1-2.4-0.3-7.5-0.3c-5,0-13.6-2.4-17.2-3.5c-3.6-1.1,10,3.9,16.5,4.1C150.5,21.6,152.3,21,152.2,21.1z\"\/>\n\t<path class=\"elementor-shape-fill\" d=\"M269.6,18c-0.1-0.1-4.6,0.3-7.2,0c-7.3-0.7-17-3.2-16.6-2.9c0.4,0.3,13.7,3.1,17,3.3\tC267.7,18.8,269.7,18,269.6,18z\"\/>\n\t<path class=\"elementor-shape-fill\" d=\"M227.4,9.8c-0.2-0.1-4.5-1-9.5-1.2c-5-0.2-12.7,0.6-12.3,0.5c0.3-0.1,5.9-1.8,13.3-1.2\tS227.6,9.9,227.4,9.8z\"\/>\n\t<path class=\"elementor-shape-fill\" d=\"M204.5,13.4c-0.1-0.1,2-1,3.2-1.1c1.2-0.1,2,0,2,0.3c0,0.3-0.1,0.5-1.6,0.4\tC206.4,12.9,204.6,13.5,204.5,13.4z\"\/>\n\t<path class=\"elementor-shape-fill\" d=\"M201,10.6c0-0.1-4.4,1.2-6.3,2.2c-1.9,0.9-6.2,3.1-6.1,3.1c0.1,0.1,4.2-1.6,6.3-2.6\tS201,10.7,201,10.6z\"\/>\n\t<path class=\"elementor-shape-fill\" d=\"M154.5,26.7c-0.1-0.1-4.6,0.3-7.2,0c-7.3-0.7-17-3.2-16.6-2.9c0.4,0.3,13.7,3.1,17,3.3\tC152.6,27.5,154.6,26.8,154.5,26.7z\"\/>\n\t<path class=\"elementor-shape-fill\" d=\"M41.9,19.3c0,0,1.2-0.3,2.9-0.1c1.7,0.2,5.8,0.9,8.2,0.7c4.2-0.4,7.4-2.7,7-2.6\tc-0.4,0-4.3,2.2-8.6,1.9c-1.8-0.1-5.1-0.5-6.7-0.4S41.9,19.3,41.9,19.3z\"\/>\n\t<path class=\"elementor-shape-fill\" d=\"M75.5,12.6c0.2,0.1,2-0.8,4.3-1.1c2.3-0.2,2.1-0.3,2.1-0.5c0-0.1-1.8-0.4-3.4,0\tC76.9,11.5,75.3,12.5,75.5,12.6z\"\/>\n\t<path class=\"elementor-shape-fill\" d=\"M15.6,13.2c0-0.1,4.3,0,6.7,0.5c2.4,0.5,5,1.9,5,2c0,0.1-2.7-0.8-5.1-1.4\tC19.9,13.7,15.7,13.3,15.6,13.2z\"\/>\n<\/svg>\t\t<\/div>\n\t\t\t\t\t<div class=\"elementor-container elementor-column-gap-default\">\n\t\t\t\t\t<div class=\"elementor-column elementor-col-100 elementor-top-column elementor-element elementor-element-244902ab\" data-id=\"244902ab\" data-element_type=\"column\" data-e-type=\"column\">\n\t\t\t<div class=\"elementor-widget-wrap elementor-element-populated\">\n\t\t\t\t\t\t<div class=\"elementor-element elementor-element-362cf9cd elementor-widget elementor-widget-heading\" data-id=\"362cf9cd\" data-element_type=\"widget\" data-e-type=\"widget\" data-widget_type=\"heading.default\">\n\t\t\t\t<div class=\"elementor-widget-container\">\n\t\t\t\t\t<h2 class=\"elementor-heading-title elementor-size-default\">Jobs bei Amazon<\/h2>\t\t\t\t<\/div>\n\t\t\t\t<\/div>\n\t\t\t\t\t<\/div>\n\t\t<\/div>\n\t\t\t\t\t<\/div>\n\t\t<\/section>\n\t\t\t\t<section class=\"elementor-section elementor-top-section elementor-element elementor-element-26c6ff1c elementor-section-boxed elementor-section-height-default elementor-section-height-default\" data-id=\"26c6ff1c\" data-element_type=\"section\" data-e-type=\"section\">\n\t\t\t\t\t\t<div class=\"elementor-container elementor-column-gap-default\">\n\t\t\t\t\t<div class=\"elementor-column elementor-col-100 elementor-top-column elementor-element elementor-element-69bdbacf\" data-id=\"69bdbacf\" data-element_type=\"column\" data-e-type=\"column\" data-settings=\"{&quot;background_background&quot;:&quot;classic&quot;}\">\n\t\t\t<div class=\"elementor-widget-wrap elementor-element-populated\">\n\t\t\t\t\t\t<div class=\"elementor-element elementor-element-10381b17 elementor-widget elementor-widget-text-editor\" data-id=\"10381b17\" data-element_type=\"widget\" data-e-type=\"widget\" data-widget_type=\"text-editor.default\">\n\t\t\t\t<div class=\"elementor-widget-container\">\n\t\t\t\t\t\t\t\t\t<p>Wir haben ein Handbuch erstellt, das Sie durch das Verfahren zum Senden Ihres Lebenslaufs an eines der Unternehmen f\u00fchrt <strong>Arbeitspl\u00e4tze<\/strong> derzeit auf Amazon erh\u00e4ltlich. Pr\u00fcfen Sie unbedingt, ob <strong>Arbeitspl\u00e4tze<\/strong> in Ihrer Region. Wie Sie Amazon beitreten k\u00f6nnen, erfahren Sie im Abschnitt \"Arbeiten Sie mit uns\".<\/p>\t\t\t\t\t\t\t\t<\/div>\n\t\t\t\t<\/div>\n\t\t\t\t<div class=\"elementor-element elementor-element-40ee0186 elementor-widget elementor-widget-heading\" data-id=\"40ee0186\" data-element_type=\"widget\" data-e-type=\"widget\" data-widget_type=\"heading.default\">\n\t\t\t\t<div class=\"elementor-widget-container\">\n\t\t\t\t\t<h2 class=\"elementor-heading-title elementor-size-default\">SIND SIE DARAN INTERESSIERT, BEI AMAZON ZU ARBEITEN?<\/h2>\t\t\t\t<\/div>\n\t\t\t\t<\/div>\n\t\t\t\t<div class=\"elementor-element elementor-element-78cdb5ca elementor-mobile-align-justify elementor-align-justify elementor-widget elementor-widget-button\" data-id=\"78cdb5ca\" data-element_type=\"widget\" data-e-type=\"widget\" data-widget_type=\"button.default\">\n\t\t\t\t<div class=\"elementor-widget-container\">\n\t\t\t\t\t\t\t\t\t<div class=\"elementor-button-wrapper\">\n\t\t\t\t\t<a class=\"elementor-button elementor-button-link elementor-size-md\" href=\"https:\/\/ip7blog.com\/de\/post\/stellenangebote-bei-amazon-moglichkeiten-gehalter-und-wie-sie-ihren-lebenslauf-senden\/\">\n\t\t\t\t\t\t<span class=\"elementor-button-content-wrapper\">\n\t\t\t\t\t\t<span class=\"elementor-button-icon\">\n\t\t\t\t<i aria-hidden=\"true\" class=\"far fa-circle\"><\/i>\t\t\t<\/span>\n\t\t\t\t\t\t\t\t\t<span class=\"elementor-button-text\">JA<\/span>\n\t\t\t\t\t<\/span>\n\t\t\t\t\t<\/a>\n\t\t\t\t<\/div>\n\t\t\t\t\t\t\t\t<\/div>\n\t\t\t\t<\/div>\n\t\t\t\t<div class=\"elementor-element elementor-element-4a10c846 elementor-mobile-align-justify elementor-align-justify elementor-widget elementor-widget-button\" data-id=\"4a10c846\" data-element_type=\"widget\" data-e-type=\"widget\" data-widget_type=\"button.default\">\n\t\t\t\t<div class=\"elementor-widget-container\">\n\t\t\t\t\t\t\t\t\t<div class=\"elementor-button-wrapper\">\n\t\t\t\t\t<a class=\"elementor-button elementor-button-link elementor-size-md\" href=\"https:\/\/ip7blog.com\/de\/post\/stellenangebote-bei-amazon-moglichkeiten-gehalter-und-wie-sie-ihren-lebenslauf-senden\/\">\n\t\t\t\t\t\t<span class=\"elementor-button-content-wrapper\">\n\t\t\t\t\t\t<span class=\"elementor-button-icon\">\n\t\t\t\t<i aria-hidden=\"true\" class=\"far fa-circle\"><\/i>\t\t\t<\/span>\n\t\t\t\t\t\t\t\t\t<span class=\"elementor-button-text\">NEIN<\/span>\n\t\t\t\t\t<\/span>\n\t\t\t\t\t<\/a>\n\t\t\t\t<\/div>\n\t\t\t\t\t\t\t\t<\/div>\n\t\t\t\t<\/div>\n\t\t\t\t<div class=\"elementor-element elementor-element-2a11fabc elementor-widget elementor-widget-heading\" data-id=\"2a11fabc\" data-element_type=\"widget\" data-e-type=\"widget\" data-widget_type=\"heading.default\">\n\t\t\t\t<div class=\"elementor-widget-container\">\n\t\t\t\t\t<h2 class=\"elementor-heading-title elementor-size-default\">Sie bleiben auf dieser Seite<\/h2>\t\t\t\t<\/div>\n\t\t\t\t<\/div>\n\t\t\t\t\t<\/div>\n\t\t<\/div>\n\t\t\t\t\t<\/div>\n\t\t<\/section>\n\t\t\t\t<section class=\"elementor-section elementor-top-section elementor-element elementor-element-275b4b82 elementor-section-boxed elementor-section-height-default elementor-section-height-default\" data-id=\"275b4b82\" data-element_type=\"section\" data-e-type=\"section\" data-settings=\"{&quot;background_background&quot;:&quot;classic&quot;,&quot;shape_divider_top&quot;:&quot;wave-brush&quot;}\">\n\t\t\t\t\t<div class=\"elementor-shape elementor-shape-top\" aria-hidden=\"true\" data-negative=\"false\">\n\t\t\t<svg xmlns=\"http:\/\/www.w3.org\/2000\/svg\" viewbox=\"0 0 283.5 27.8\" preserveaspectratio=\"none\">\n\t<path class=\"elementor-shape-fill\" d=\"M283.5,9.7c0,0-7.3,4.3-14,4.6c-6.8,0.3-12.6,0-20.9-1.5c-11.3-2-33.1-10.1-44.7-5.7\ts-12.1,4.6-18,7.4c-6.6,3.2-20,9.6-36.6,9.3C131.6,23.5,99.5,7.2,86.3,8c-1.4,0.1-6.6,0.8-10.5,2c-3.8,1.2-9.4,3.8-17,4.7\tc-3.2,0.4-8.3,1.1-14.2,0.9c-1.5-0.1-6.3-0.4-12-1.6c-5.7-1.2-11-3.1-15.8-3.7C6.5,9.2,0,10.8,0,10.8V0h283.5V9.7z M260.8,11.3\tc-0.7-1-2-0.4-4.3-0.4c-2.3,0-6.1-1.2-5.8-1.1c0.3,0.1,3.1,1.5,6,1.9C259.7,12.2,261.4,12.3,260.8,11.3z M242.4,8.6\tc0,0-2.4-0.2-5.6-0.9c-3.2-0.8-10.3-2.8-15.1-3.5c-8.2-1.1-15.8,0-15.1,0.1c0.8,0.1,9.6-0.6,17.6,1.1c3.3,0.7,9.3,2.2,12.4,2.7\tC239.9,8.7,242.4,8.6,242.4,8.6z M185.2,8.5c1.7-0.7-13.3,4.7-18.5,6.1c-2.1,0.6-6.2,1.6-10,2c-3.9,0.4-8.9,0.4-8.8,0.5\tc0,0.2,5.8,0.8,11.2,0c5.4-0.8,5.2-1.1,7.6-1.6C170.5,14.7,183.5,9.2,185.2,8.5z M199.1,6.9c0.2,0-0.8-0.4-4.8,1.1\tc-4,1.5-6.7,3.5-6.9,3.7c-0.2,0.1,3.5-1.8,6.6-3C197,7.5,199,6.9,199.1,6.9z M283,6c-0.1,0.1-1.9,1.1-4.8,2.5s-6.9,2.8-6.7,2.7\tc0.2,0,3.5-0.6,7.4-2.5C282.8,6.8,283.1,5.9,283,6z M31.3,11.6c0.1-0.2-1.9-0.2-4.5-1.2s-5.4-1.6-7.8-2C15,7.6,7.3,8.5,7.7,8.6\tC8,8.7,15.9,8.3,20.2,9.3c2.2,0.5,2.4,0.5,5.7,1.6S31.2,11.9,31.3,11.6z M73,9.2c0.4-0.1,3.5-1.6,8.4-2.6c4.9-1.1,8.9-0.5,8.9-0.8\tc0-0.3-1-0.9-6.2-0.3S72.6,9.3,73,9.2z M71.6,6.7C71.8,6.8,75,5.4,77.3,5c2.3-0.3,1.9-0.5,1.9-0.6c0-0.1-1.1-0.2-2.7,0.2\tC74.8,5.1,71.4,6.6,71.6,6.7z M93.6,4.4c0.1,0.2,3.5,0.8,5.6,1.8c2.1,1,1.8,0.6,1.9,0.5c0.1-0.1-0.8-0.8-2.4-1.3\tC97.1,4.8,93.5,4.2,93.6,4.4z M65.4,11.1c-0.1,0.3,0.3,0.5,1.9-0.2s2.6-1.3,2.2-1.2s-0.9,0.4-2.5,0.8C65.3,10.9,65.5,10.8,65.4,11.1\tz M34.5,12.4c-0.2,0,2.1,0.8,3.3,0.9c1.2,0.1,2,0.1,2-0.2c0-0.3-0.1-0.5-1.6-0.4C36.6,12.8,34.7,12.4,34.5,12.4z M152.2,21.1\tc-0.1,0.1-2.4-0.3-7.5-0.3c-5,0-13.6-2.4-17.2-3.5c-3.6-1.1,10,3.9,16.5,4.1C150.5,21.6,152.3,21,152.2,21.1z\"\/>\n\t<path class=\"elementor-shape-fill\" d=\"M269.6,18c-0.1-0.1-4.6,0.3-7.2,0c-7.3-0.7-17-3.2-16.6-2.9c0.4,0.3,13.7,3.1,17,3.3\tC267.7,18.8,269.7,18,269.6,18z\"\/>\n\t<path class=\"elementor-shape-fill\" d=\"M227.4,9.8c-0.2-0.1-4.5-1-9.5-1.2c-5-0.2-12.7,0.6-12.3,0.5c0.3-0.1,5.9-1.8,13.3-1.2\tS227.6,9.9,227.4,9.8z\"\/>\n\t<path class=\"elementor-shape-fill\" d=\"M204.5,13.4c-0.1-0.1,2-1,3.2-1.1c1.2-0.1,2,0,2,0.3c0,0.3-0.1,0.5-1.6,0.4\tC206.4,12.9,204.6,13.5,204.5,13.4z\"\/>\n\t<path class=\"elementor-shape-fill\" d=\"M201,10.6c0-0.1-4.4,1.2-6.3,2.2c-1.9,0.9-6.2,3.1-6.1,3.1c0.1,0.1,4.2-1.6,6.3-2.6\tS201,10.7,201,10.6z\"\/>\n\t<path class=\"elementor-shape-fill\" d=\"M154.5,26.7c-0.1-0.1-4.6,0.3-7.2,0c-7.3-0.7-17-3.2-16.6-2.9c0.4,0.3,13.7,3.1,17,3.3\tC152.6,27.5,154.6,26.8,154.5,26.7z\"\/>\n\t<path class=\"elementor-shape-fill\" d=\"M41.9,19.3c0,0,1.2-0.3,2.9-0.1c1.7,0.2,5.8,0.9,8.2,0.7c4.2-0.4,7.4-2.7,7-2.6\tc-0.4,0-4.3,2.2-8.6,1.9c-1.8-0.1-5.1-0.5-6.7-0.4S41.9,19.3,41.9,19.3z\"\/>\n\t<path class=\"elementor-shape-fill\" d=\"M75.5,12.6c0.2,0.1,2-0.8,4.3-1.1c2.3-0.2,2.1-0.3,2.1-0.5c0-0.1-1.8-0.4-3.4,0\tC76.9,11.5,75.3,12.5,75.5,12.6z\"\/>\n\t<path class=\"elementor-shape-fill\" d=\"M15.6,13.2c0-0.1,4.3,0,6.7,0.5c2.4,0.5,5,1.9,5,2c0,0.1-2.7-0.8-5.1-1.4\tC19.9,13.7,15.7,13.3,15.6,13.2z\"\/>\n<\/svg>\t\t<\/div>\n\t\t\t\t\t<div class=\"elementor-container elementor-column-gap-default\">\n\t\t\t\t\t<div class=\"elementor-column elementor-col-100 elementor-top-column elementor-element elementor-element-426e4084\" data-id=\"426e4084\" data-element_type=\"column\" data-e-type=\"column\" data-settings=\"{&quot;background_background&quot;:&quot;classic&quot;}\">\n\t\t\t<div class=\"elementor-widget-wrap elementor-element-populated\">\n\t\t\t\t\t\t<div class=\"elementor-element elementor-element-29e83f8f elementor-widget elementor-widget-text-editor\" data-id=\"29e83f8f\" data-element_type=\"widget\" data-e-type=\"widget\" data-widget_type=\"text-editor.default\">\n\t\t\t\t<div class=\"elementor-widget-container\">\n\t\t\t\t\t\t\t\t\t<p>A <strong>Amazon<\/strong>Amazon, 1994 von Jeff Bezos gegr\u00fcndet, begann als Online-Buchhandlung und wuchs schnell zu einem der gr\u00f6\u00dften Interneth\u00e4ndler der Welt heran, der ein breites Spektrum an Produktkategorien abdeckt, von Elektronik \u00fcber Kleidung bis hin zu Lebensmitteln. Das Unternehmen mit Hauptsitz in Seattle, Washington, hat eine Reihe von technologischen Innovationen eingef\u00fchrt, darunter Cloud-Speicher durch Amazon Web Services (AWS), intelligente Ger\u00e4te mit der Echo-Reihe und fortschrittliche Logistikl\u00f6sungen, die den elektronischen Handel mit schnellen und effizienten Lieferungen revolutioniert haben.\u00a0<\/p>\t\t\t\t\t\t\t\t<\/div>\n\t\t\t\t<\/div>\n\t\t\t\t<div class=\"elementor-element elementor-element-3c95bec5 elementor-widget elementor-widget-image\" data-id=\"3c95bec5\" data-element_type=\"widget\" data-e-type=\"widget\" data-widget_type=\"image.default\">\n\t\t\t\t<div class=\"elementor-widget-container\">\n\t\t\t\t\t\t\t\t\t\t\t\t\t\t\t\t<a href=\"https:\/\/ip7blog.com\/de\/post\/stellenangebote-bei-amazon-moglichkeiten-gehalter-und-wie-sie-ihren-lebenslauf-senden\/\">\n\t\t\t\t\t\t\t<img fetchpriority=\"high\" decoding=\"async\" width=\"1792\" height=\"1024\" src=\"https:\/\/ip7blog.com\/wp-content\/uploads\/2024\/02\/vagas-de-empregos-na-amazon.webp\" class=\"attachment-full size-full wp-image-287498\" alt=\"offene Stellen bei amazon\" srcset=\"https:\/\/ip7blog.com\/wp-content\/uploads\/2024\/02\/vagas-de-empregos-na-amazon.webp 1792w, https:\/\/ip7blog.com\/wp-content\/uploads\/2024\/02\/vagas-de-empregos-na-amazon-300x171.webp 300w, https:\/\/ip7blog.com\/wp-content\/uploads\/2024\/02\/vagas-de-empregos-na-amazon-1024x585.webp 1024w, https:\/\/ip7blog.com\/wp-content\/uploads\/2024\/02\/vagas-de-empregos-na-amazon-768x439.webp 768w, https:\/\/ip7blog.com\/wp-content\/uploads\/2024\/02\/vagas-de-empregos-na-amazon-1536x878.webp 1536w, https:\/\/ip7blog.com\/wp-content\/uploads\/2024\/02\/vagas-de-empregos-na-amazon-18x10.webp 18w\" sizes=\"(max-width: 1792px) 100vw, 1792px\" \/>\t\t\t\t\t\t\t\t<\/a>\n\t\t\t\t\t\t\t\t\t\t\t\t\t\t\t<\/div>\n\t\t\t\t<\/div>\n\t\t\t\t<div class=\"elementor-element elementor-element-5056b1dc elementor-widget elementor-widget-text-editor\" data-id=\"5056b1dc\" data-element_type=\"widget\" data-e-type=\"widget\" data-widget_type=\"text-editor.default\">\n\t\t\t\t<div class=\"elementor-widget-container\">\n\t\t\t\t\t\t\t\t\t<p>Vorteile, die Sie durch das Versenden eines Lebenslaufs haben<\/p>\t\t\t\t\t\t\t\t<\/div>\n\t\t\t\t<\/div>\n\t\t\t\t<div class=\"elementor-element elementor-element-27df022d elementor-align-center elementor-mobile-align-start elementor-icon-list--layout-traditional elementor-list-item-link-full_width elementor-widget elementor-widget-icon-list\" data-id=\"27df022d\" data-element_type=\"widget\" data-e-type=\"widget\" data-widget_type=\"icon-list.default\">\n\t\t\t\t<div class=\"elementor-widget-container\">\n\t\t\t\t\t\t\t<ul class=\"elementor-icon-list-items\">\n\t\t\t\t\t\t\t<li class=\"elementor-icon-list-item\">\n\t\t\t\t\t\t\t\t\t\t\t<span class=\"elementor-icon-list-icon\">\n\t\t\t\t\t\t\t<i aria-hidden=\"true\" class=\"fas fa-check\"><\/i>\t\t\t\t\t\t<\/span>\n\t\t\t\t\t\t\t\t\t\t<span class=\"elementor-icon-list-text\">Gesch\u00e4tzte Geh\u00e4lter<\/span>\n\t\t\t\t\t\t\t\t\t<\/li>\n\t\t\t\t\t\t\t\t<li class=\"elementor-icon-list-item\">\n\t\t\t\t\t\t\t\t\t\t\t<span class=\"elementor-icon-list-icon\">\n\t\t\t\t\t\t\t<i aria-hidden=\"true\" class=\"fas fa-check\"><\/i>\t\t\t\t\t\t<\/span>\n\t\t\t\t\t\t\t\t\t\t<span class=\"elementor-icon-list-text\">Besch\u00e4ftigungsm\u00f6glichkeiten<\/span>\n\t\t\t\t\t\t\t\t\t<\/li>\n\t\t\t\t\t\t\t\t<li class=\"elementor-icon-list-item\">\n\t\t\t\t\t\t\t\t\t\t\t<span class=\"elementor-icon-list-icon\">\n\t\t\t\t\t\t\t<i aria-hidden=\"true\" class=\"fas fa-check\"><\/i>\t\t\t\t\t\t<\/span>\n\t\t\t\t\t\t\t\t\t\t<span class=\"elementor-icon-list-text\">Stabilit\u00e4t<\/span>\n\t\t\t\t\t\t\t\t\t<\/li>\n\t\t\t\t\t\t\t\t<li class=\"elementor-icon-list-item\">\n\t\t\t\t\t\t\t\t\t\t\t<span class=\"elementor-icon-list-icon\">\n\t\t\t\t\t\t\t<i aria-hidden=\"true\" class=\"fas fa-check\"><\/i>\t\t\t\t\t\t<\/span>\n\t\t\t\t\t\t\t\t\t\t<span class=\"elementor-icon-list-text\">ein anst\u00e4ndiger Job<\/span>\n\t\t\t\t\t\t\t\t\t<\/li>\n\t\t\t\t\t\t<\/ul>\n\t\t\t\t\t\t<\/div>\n\t\t\t\t<\/div>\n\t\t\t\t<div class=\"elementor-element elementor-element-4b9ff55a elementor-hidden-tablet elementor-hidden-phone elementor-widget elementor-widget-text-editor\" data-id=\"4b9ff55a\" data-element_type=\"widget\" data-e-type=\"widget\" data-widget_type=\"text-editor.default\">\n\t\t\t\t<div class=\"elementor-widget-container\">\n\t\t\t\t\t\t\t\t\t<p>Sie bleiben auf dieser Seite<\/p>\t\t\t\t\t\t\t\t<\/div>\n\t\t\t\t<\/div>\n\t\t\t\t\t<\/div>\n\t\t<\/div>\n\t\t\t\t\t<\/div>\n\t\t<\/section>\n\t\t\t\t<section class=\"elementor-section elementor-top-section elementor-element elementor-element-5758dff5 elementor-section-boxed elementor-section-height-default elementor-section-height-default\" data-id=\"5758dff5\" data-element_type=\"section\" data-e-type=\"section\">\n\t\t\t\t\t\t<div class=\"elementor-container elementor-column-gap-default\">\n\t\t\t\t\t<div class=\"elementor-column elementor-col-100 elementor-top-column elementor-element elementor-element-78477db\" data-id=\"78477db\" data-element_type=\"column\" data-e-type=\"column\">\n\t\t\t<div class=\"elementor-widget-wrap elementor-element-populated\">\n\t\t\t\t\t\t<div class=\"elementor-element elementor-element-2ac1c32f elementor-widget elementor-widget-text-editor\" data-id=\"2ac1c32f\" data-element_type=\"widget\" data-e-type=\"widget\" data-widget_type=\"text-editor.default\">\n\t\t\t\t<div class=\"elementor-widget-container\">\n\t\t\t\t\t\t\t\t\t<h1>Stellenangebote bei Amazon<\/h1><p>Amazon, eines der innovativsten und am schnellsten wachsenden Unternehmen der Welt, hat sich von einem Online-Buchladen in ein globales Konglomerat verwandelt, das unter anderem die Bereiche Online-Einzelhandel, Cloud Computing und k\u00fcnstliche Intelligenz umfasst. Bei Amazon zu arbeiten ist gleichbedeutend mit der Teilnahme an einer Kultur der st\u00e4ndigen Innovation, der obsessiven Kundenorientierung und des Engagements f\u00fcr operative Spitzenleistungen. Dieser Artikel gibt einen \u00dcberblick \u00fcber die Karrierem\u00f6glichkeiten bei Amazon und zeigt Interessierten, wie sie sich strategisch positionieren k\u00f6nnen, um Teil dieses m\u00e4chtigen und dynamischen Unternehmens zu werden, und wie sie mehr \u00fcber spezifische Stellenangebote erfahren k\u00f6nnen.<\/p><h3>Kultur und Werte bei Amazon<\/h3><p>Amazons Unternehmenskultur wird von seinen 14 F\u00fchrungsprinzipien geleitet, zu denen Kundenbesessenheit, Innovation und Langfristigkeit, gro\u00dfes Denken und das Beharren auf den h\u00f6chsten Standards geh\u00f6ren. Das Unternehmen f\u00f6rdert datengest\u00fctzte Entscheidungsfindung, Autonomie und Unternehmergeist und erlaubt seinen Mitarbeitern, kalkulierte Risiken einzugehen, um Innovationen zu schaffen und das Kundenerlebnis zu verbessern. Amazon setzt sich auch f\u00fcr Vielfalt und Integration ein und schafft ein Arbeitsumfeld, in dem sich jeder entfalten kann.<\/p><h3>Karrierem\u00f6glichkeiten bei Amazon<\/h3><p>Die M\u00f6glichkeiten bei Amazon sind gro\u00df und vielf\u00e4ltig und spiegeln die breite Palette der Dienstleistungen und Produkte des Unternehmens wider. Zu den wichtigsten Karrierebereichen geh\u00f6ren:<\/p><ul><li><strong>Informationstechnologie und Softwareentwicklung<\/strong>Softwareentwickler, Dateningenieure und Cybersicherheitsexperten arbeiten im Herzen von Amazon und entwickeln neue Technologien zur Verbesserung von Amazon AWS Services, Alexa und anderen Plattformen.<\/li><li><strong>Betrieb und Logistik<\/strong>Amazons riesiges Netz von Vertriebszentren bietet zahlreiche Stellen in den Bereichen Betriebsmanagement, Logistik und Verfahrenstechnik, die f\u00fcr die Einhaltung des Versprechens des Unternehmens, schnell und zuverl\u00e4ssig zu liefern, unerl\u00e4sslich sind.<\/li><li><strong>Marketing und Vertrieb<\/strong>Fachleute f\u00fcr digitales Marketing, Produktmanagement und Vertrieb treiben das Wachstum von Amazon voran, indem sie seine Produkte und Dienstleistungen weltweit bewerben.<\/li><li><strong>Personalwesen<\/strong>Das HR-Team von Amazon rekrutiert, entwickelt und bindet Talente und unterst\u00fctzt die Hochleistungskultur des Unternehmens.<\/li><li><strong>Nachhaltigkeit und soziale Verantwortung der Unternehmen<\/strong>Amazon hat sich dem Aufbau eines nachhaltigen Unternehmens verschrieben und sucht nach Fachleuten, die sich f\u00fcr die Umsetzung von Praktiken einsetzen, die die Umweltbelastung verringern und das Gemeinwesen verbessern.<\/li><\/ul><h3>Vorbereitung auf eine Karriere bei Amazon<\/h3><p>Um in einem Auswahlverfahren bei Amazon hervorzustechen, ist es entscheidend, die \u00dcbereinstimmung mit den F\u00fchrungsprinzipien des Unternehmens und eine Leidenschaft f\u00fcr Innovation zu demonstrieren. Die Bewerber m\u00fcssen bereit sein, durch fr\u00fchere Erfahrungen zu zeigen, wie sie den Kunden in den Mittelpunkt stellen, Herausforderungen annehmen und kreative L\u00f6sungen f\u00fcr komplexe Probleme suchen. Starke analytische F\u00e4higkeiten und die F\u00e4higkeit, in einem dynamischen, schnelllebigen Umfeld zu arbeiten, sind unerl\u00e4sslich.<\/p><h3>Wie man Stellenangebote bei Amazon findet<\/h3><p>Stellenangebote bei Amazon finden Sie auf der offiziellen Karrierewebsite des Unternehmens, wo Bewerber nach offenen Stellen nach Standort, Gesch\u00e4ftsbereich und Erfahrungsniveau suchen k\u00f6nnen. Dar\u00fcber hinaus nimmt Amazon h\u00e4ufig an Karrieremessen und Rekrutierungsveranstaltungen teil, die Bewerbern eine gute Gelegenheit bieten, direkt mit den Personalverantwortlichen des Unternehmens in Kontakt zu treten.<\/p><h3>Fazit: Ihre Zukunft bei Amazon<\/h3><p>Die Arbeit bei Amazon ist eine Chance, Teil eines Unternehmens zu sein, das an der Spitze von Technologie und Innovation steht. Mit seinem Engagement f\u00fcr herausragende Leistungen bietet Amazon ein herausforderndes und lohnendes Umfeld mit enormen M\u00f6glichkeiten f\u00fcr Wachstum und Entwicklung. Denjenigen, die daran interessiert sind, spezifische Stellenangebote zu erkunden und den n\u00e4chsten Schritt in ihrer Karriere zu machen, wird empfohlen, die Karriere-Website von Amazon zu besuchen und sich darauf vorzubereiten, Ihre F\u00e4higkeiten und Erfahrungen mit den Werten und Prinzipien des Unternehmens in Einklang zu bringen. Mit der richtigen Vorbereitung k\u00f6nnen Sie sich in einem Team positionieren, das die Zukunft des Handels, der Technologie und mehr definiert.<\/p>\t\t\t\t\t\t\t\t<\/div>\n\t\t\t\t<\/div>\n\t\t\t\t<div class=\"elementor-element elementor-element-1d9961bd elementor-mobile-align-justify elementor-align-justify elementor-widget elementor-widget-button\" data-id=\"1d9961bd\" data-element_type=\"widget\" data-e-type=\"widget\" data-widget_type=\"button.default\">\n\t\t\t\t<div class=\"elementor-widget-container\">\n\t\t\t\t\t\t\t\t\t<div class=\"elementor-button-wrapper\">\n\t\t\t\t\t<a class=\"elementor-button elementor-button-link elementor-size-md\" href=\"https:\/\/ip7blog.com\/de\/post\/stellenangebote-bei-amazon-moglichkeiten-gehalter-und-wie-sie-ihren-lebenslauf-senden\/\">\n\t\t\t\t\t\t<span class=\"elementor-button-content-wrapper\">\n\t\t\t\t\t\t<span class=\"elementor-button-icon\">\n\t\t\t\t<i aria-hidden=\"true\" class=\"fas fa-arrow-right\"><\/i>\t\t\t<\/span>\n\t\t\t\t\t\t\t\t\t<span class=\"elementor-button-text\">WISSEN, WIE MAN ABONNIERT<\/span>\n\t\t\t\t\t<\/span>\n\t\t\t\t\t<\/a>\n\t\t\t\t<\/div>\n\t\t\t\t\t\t\t\t<\/div>\n\t\t\t\t<\/div>\n\t\t\t\t<div class=\"elementor-element elementor-element-31f2611a elementor-widget elementor-widget-heading\" data-id=\"31f2611a\" data-element_type=\"widget\" data-e-type=\"widget\" data-widget_type=\"heading.default\">\n\t\t\t\t<div class=\"elementor-widget-container\">\n\t\t\t\t\t<h2 class=\"elementor-heading-title elementor-size-default\">Sie bleiben auf dieser Seite<\/h2>\t\t\t\t<\/div>\n\t\t\t\t<\/div>\n\t\t\t\t\t<\/div>\n\t\t<\/div>\n\t\t\t\t\t<\/div>\n\t\t<\/section>\n\t\t\t\t<\/div>","protected":false},"excerpt":{"rendered":"<p>Vagas de Empregos na Amazon Elaboramos um manual que ir\u00e1 gui\u00e1-lo durante o procedimento de envio do seu curr\u00edculo para uma das vagas de emprego&#8230;<\/p>","protected":false},"author":1,"featured_media":0,"parent":0,"menu_order":0,"comment_status":"closed","ping_status":"closed","template":"elementor_header_footer","meta":{"footnotes":""},"class_list":["post-287494","page","type-page","status-publish","hentry"],"_links":{"self":[{"href":"https:\/\/ip7blog.com\/de\/wp-json\/wp\/v2\/pages\/287494","targetHints":{"allow":["GET"]}}],"collection":[{"href":"https:\/\/ip7blog.com\/de\/wp-json\/wp\/v2\/pages"}],"about":[{"href":"https:\/\/ip7blog.com\/de\/wp-json\/wp\/v2\/types\/page"}],"author":[{"embeddable":true,"href":"https:\/\/ip7blog.com\/de\/wp-json\/wp\/v2\/users\/1"}],"replies":[{"embeddable":true,"href":"https:\/\/ip7blog.com\/de\/wp-json\/wp\/v2\/comments?post=287494"}],"version-history":[{"count":19,"href":"https:\/\/ip7blog.com\/de\/wp-json\/wp\/v2\/pages\/287494\/revisions"}],"predecessor-version":[{"id":288472,"href":"https:\/\/ip7blog.com\/de\/wp-json\/wp\/v2\/pages\/287494\/revisions\/288472"}],"wp:attachment":[{"href":"https:\/\/ip7blog.com\/de\/wp-json\/wp\/v2\/media?parent=287494"}],"curies":[{"name":"wp","href":"https:\/\/api.w.org\/{rel}","templated":true}]}}