{"id":1689,"date":"2023-08-21T09:58:26","date_gmt":"2023-08-21T12:58:26","guid":{"rendered":"https:\/\/investidorrentavel.tech\/?page_id=1689"},"modified":"2024-07-12T13:12:52","modified_gmt":"2024-07-12T16:12:52","slug":"quem-somos","status":"publish","type":"page","link":"https:\/\/ip7blog.com\/de\/wer-wir-sind\/","title":{"rendered":"Wer wir sind"},"content":{"rendered":"<div data-elementor-type=\"wp-page\" data-elementor-id=\"1689\" class=\"elementor elementor-1689\">\n\t\t\t\t\t\t<section class=\"elementor-section elementor-top-section elementor-element elementor-element-1dc1daf elementor-section-full_width elementor-section-height-default elementor-section-height-default\" data-id=\"1dc1daf\" data-element_type=\"section\" data-e-type=\"section\">\n\t\t\t\t\t\t<div class=\"elementor-container elementor-column-gap-default\">\n\t\t\t\t\t<div class=\"elementor-column elementor-col-100 elementor-top-column elementor-element elementor-element-74ca449\" data-id=\"74ca449\" data-element_type=\"column\" data-e-type=\"column\" data-settings=\"{&quot;background_background&quot;:&quot;classic&quot;}\">\n\t\t\t<div class=\"elementor-widget-wrap elementor-element-populated\">\n\t\t\t\t\t\t<div class=\"elementor-element elementor-element-4d0fcab elementor-widget elementor-widget-text-editor\" data-id=\"4d0fcab\" data-element_type=\"widget\" data-e-type=\"widget\" data-widget_type=\"text-editor.default\">\n\t\t\t\t<div class=\"elementor-widget-container\">\n\t\t\t\t\t\t\t\t\t<p>Willkommen im IP7-Blog!<\/p><p>Wir von IP7 Blog haben es uns zur Aufgabe gemacht, Ihnen die besten Informationen und Tipps zu mobilen Anwendungen, pers\u00f6nlichen Finanzen, Besch\u00e4ftigungsm\u00f6glichkeiten und den neuesten Nachrichten im Allgemeinen zu geben. Wir wollen Ihre vertrauensw\u00fcrdige Wissens- und Inspirationsquelle sein, die Ihnen hilft, das Beste aus der Technologie zu machen, Ihre Finanzen besser zu verwalten, die besten Karrierem\u00f6glichkeiten zu finden und \u00fcber die wichtigsten Ereignisse informiert zu bleiben.<\/p><h3>Unsere Hauptthemen<\/h3><p><strong>Mobile Anwendungen<\/strong><\/p><p>Wir erkunden und analysieren die besten auf dem Markt erh\u00e4ltlichen Apps f\u00fcr eine Vielzahl von Zwecken - von Produktivit\u00e4t und Unterhaltung bis hin zu Gesundheit und Wohlbefinden. Unser Ziel ist es, Ihnen dabei zu helfen, n\u00fctzliche Tools zu entdecken, die Ihr t\u00e4gliches Leben einfacher und reicher machen k\u00f6nnen.<\/p><p><strong>Pers\u00f6nliche Finanzen<\/strong><\/p><p>Wir bieten praktische Ratschl\u00e4ge und Strategien zur Verbesserung Ihrer finanziellen Gesundheit. Von Spar- und Anlagetipps bis hin zu Finanzplanung und pers\u00f6nlicher Budgetierung - wir sind f\u00fcr Sie da, um Ihnen den Weg in eine sichere und stabile finanzielle Zukunft zu ebnen.<\/p><p><strong>Arbeitsm\u00f6glichkeiten<\/strong><\/p><p>Wir wissen, dass es eine Herausforderung sein kann, das richtige Stellenangebot zu finden. Deshalb haben wir Karrieretipps, Anleitungen zur Erstellung eines effektiven Lebenslaufs, Ratschl\u00e4ge f\u00fcr Vorstellungsgespr\u00e4che und die besten M\u00f6glichkeiten auf dem Arbeitsmarkt zusammengestellt.<\/p><p><strong>Allgemeine Nachrichten<\/strong><\/p><p>Bleiben Sie auf dem Laufenden \u00fcber die neuesten Nachrichten und wichtigen Ereignisse in der Welt. Unser Team ist bestrebt, Ihnen genaue und relevante Informationen zu liefern, damit Sie immer gut informiert sind.<\/p><h3>Unser Auftrag<\/h3><p>Wir sind davon \u00fcberzeugt, dass Informationen m\u00e4chtig sind und dass wir unsere Leserinnen und Leser in die Lage versetzen k\u00f6nnen, fundierte Entscheidungen zu treffen und ihr Leben zu verbessern, indem wir sie auf zug\u00e4ngliche und verst\u00e4ndliche Weise vermitteln. Unser Ziel ist es, qualitativ hochwertige, aktuelle und relevante Inhalte anzubieten, die Ihren Bed\u00fcrfnissen und Interessen entsprechen.<\/p><h3>Kontaktiere uns<\/h3><p>Wir lieben den Kontakt mit unseren Lesern und Partnern! Wenn Sie Vorschl\u00e4ge, Fragen oder Kommentare haben, z\u00f6gern Sie nicht, uns zu kontaktieren. Wir haben immer ein offenes Ohr f\u00fcr Sie und helfen Ihnen gerne weiter.<\/p><ul><li><strong>Email:<\/strong> <a rel=\"noreferrer\">help@izzotodigital.com.br<\/a><\/li><li><strong>Twitter:<\/strong> @izzotodigital<\/li><li><strong>Instagram:<\/strong> @izzotodigital<\/li><li><strong>Facebook:<\/strong> @izzotodigital<\/li><\/ul><h3>Mitmachen<\/h3><p>Folgen Sie uns auf den sozialen Medien, um \u00fcber die neuesten Nachrichten, exklusive Tipps und vieles mehr auf dem Laufenden zu bleiben. Wir freuen uns darauf, mit Ihnen eine engagierte und informierte Gemeinschaft aufzubauen.<\/p><p>Vielen Dank f\u00fcr Ihren Besuch im IP7-Blog! Wir hoffen, dass Ihnen unsere Inhalte gefallen und dass sie Ihr Leben bereichern. Lassen Sie uns gemeinsam die Welt der Apps, Finanzen, Jobs und Nachrichten erkunden!<\/p>\t\t\t\t\t\t\t\t<\/div>\n\t\t\t\t<\/div>\n\t\t\t\t\t<\/div>\n\t\t<\/div>\n\t\t\t\t\t<\/div>\n\t\t<\/section>\n\t\t\t\t<\/div>","protected":false},"excerpt":{"rendered":"<p>Willkommen auf dem IP7 Blog! Im IP7 Blog haben wir es uns zur Aufgabe gemacht, Ihnen die besten Informationen und Tipps zu mobilen Apps, pers\u00f6nlichen Finanzen, Jobm\u00f6glichkeiten...<\/p>","protected":false},"author":1,"featured_media":0,"parent":0,"menu_order":0,"comment_status":"closed","ping_status":"closed","template":"elementor_header_footer","meta":{"footnotes":""},"class_list":["post-1689","page","type-page","status-publish","hentry"],"_links":{"self":[{"href":"https:\/\/ip7blog.com\/de\/wp-json\/wp\/v2\/pages\/1689","targetHints":{"allow":["GET"]}}],"collection":[{"href":"https:\/\/ip7blog.com\/de\/wp-json\/wp\/v2\/pages"}],"about":[{"href":"https:\/\/ip7blog.com\/de\/wp-json\/wp\/v2\/types\/page"}],"author":[{"embeddable":true,"href":"https:\/\/ip7blog.com\/de\/wp-json\/wp\/v2\/users\/1"}],"replies":[{"embeddable":true,"href":"https:\/\/ip7blog.com\/de\/wp-json\/wp\/v2\/comments?post=1689"}],"version-history":[{"count":0,"href":"https:\/\/ip7blog.com\/de\/wp-json\/wp\/v2\/pages\/1689\/revisions"}],"wp:attachment":[{"href":"https:\/\/ip7blog.com\/de\/wp-json\/wp\/v2\/media?parent=1689"}],"curies":[{"name":"wp","href":"https:\/\/api.w.org\/{rel}","templated":true}]}}